{"id":1049,"date":"2019-11-15T11:18:53","date_gmt":"2019-11-15T10:18:53","guid":{"rendered":"https:\/\/jump-performance.com\/?page_id=1049"},"modified":"2019-11-15T13:12:35","modified_gmt":"2019-11-15T12:12:35","slug":"athletisme","status":"publish","type":"page","link":"https:\/\/jump-performance.com\/?page_id=1049","title":{"rendered":"Athl\u00e9tisme"},"content":{"rendered":"\n<figure class=\"wp-block-image alignwide\"><img loading=\"lazy\" width=\"1598\" height=\"236\" src=\"https:\/\/jump-performance.com\/wp-content\/uploads\/2019\/11\/header_athle.jpg\" alt=\"\" class=\"wp-image-1050\" srcset=\"https:\/\/jump-performance.com\/wp-content\/uploads\/2019\/11\/header_athle.jpg 1598w, https:\/\/jump-performance.com\/wp-content\/uploads\/2019\/11\/header_athle-300x44.jpg 300w, https:\/\/jump-performance.com\/wp-content\/uploads\/2019\/11\/header_athle-768x113.jpg 768w, https:\/\/jump-performance.com\/wp-content\/uploads\/2019\/11\/header_athle-1024x151.jpg 1024w\" sizes=\"(max-width: 1598px) 100vw, 1598px\" \/><\/figure>\n\n\n\n<p style=\"text-align:center\" class=\"has-medium-font-size\">D\u00e9couvrez nos collections de maillots et short d&#8217;athl\u00e9tisme sublim\u00e9s. Pour toutes disciplines athl\u00e9tiques, vos tenues<strong> <\/strong>adapt\u00e9es \u00e0 vos besoins.<\/p>\n\n\n\n<div class=\"wp-block-kadence-spacer aligncenter kt-block-spacer-_8ecbb6-50\"><div class=\"kt-block-spacer kt-block-spacer-halign-center\" style=\"height:60px\"><hr class=\"kt-divider\" style=\"border-top-color:rgba(255, 0, 0, 1);border-top-width:1px;width:80%;border-top-style:solid\"\/><\/div><\/div>\n\n\n\n<p class=\"has-medium-font-size\"><strong>MAILLOTS HOMME<\/strong><\/p>\n\n\n\n<div class=\"wp-block-columns has-4-columns\">\n<div class=\"wp-block-column\">\n<figure class=\"wp-block-image img-grid\"><a class=\"\" href=\"https:\/\/jump-performance.com\/?page_id=1052\"><img loading=\"lazy\" width=\"827\" height=\"1024\" src=\"https:\/\/jump-performance.com\/wp-content\/uploads\/2019\/11\/Athl\u00e9tisme_homme_debardeur_running_face_jump-827x1024.jpg\" alt=\"maillot sport athletisme running trail personnalise jump performance\" class=\"wp-image-1054\" srcset=\"https:\/\/jump-performance.com\/wp-content\/uploads\/2019\/11\/Athl\u00e9tisme_homme_debardeur_running_face_jump-827x1024.jpg 827w, https:\/\/jump-performance.com\/wp-content\/uploads\/2019\/11\/Athl\u00e9tisme_homme_debardeur_running_face_jump-242x300.jpg 242w, https:\/\/jump-performance.com\/wp-content\/uploads\/2019\/11\/Athl\u00e9tisme_homme_debardeur_running_face_jump-768x951.jpg 768w, https:\/\/jump-performance.com\/wp-content\/uploads\/2019\/11\/Athl\u00e9tisme_homme_debardeur_running_face_jump.jpg 1050w\" sizes=\"(max-width: 827px) 100vw, 827px\" \/><\/a><figcaption>Athl\u00e9tisme Homme<\/figcaption><\/figure>\n\n\n\n<p style=\"text-align:center\"><strong><a href=\"https:\/\/jump-performance.com\/?page_id=1052\">D\u00e9bardeur Homme<\/a><\/strong><\/p>\n<\/div>\n\n\n\n<div class=\"wp-block-column\">\n<figure class=\"wp-block-image img-grid\"><a href=\"https:\/\/jump-performance.com\/?page_id=1059\"><img loading=\"lazy\" width=\"827\" height=\"1024\" src=\"https:\/\/jump-performance.com\/wp-content\/uploads\/2019\/11\/Athl\u00e9tisme_homme_debardeur_running_stretch_face_jump-827x1024.jpg\" alt=\"maillot sport athletisme running trail personnalise jump performance\" class=\"wp-image-1061\" srcset=\"https:\/\/jump-performance.com\/wp-content\/uploads\/2019\/11\/Athl\u00e9tisme_homme_debardeur_running_stretch_face_jump-827x1024.jpg 827w, https:\/\/jump-performance.com\/wp-content\/uploads\/2019\/11\/Athl\u00e9tisme_homme_debardeur_running_stretch_face_jump-242x300.jpg 242w, https:\/\/jump-performance.com\/wp-content\/uploads\/2019\/11\/Athl\u00e9tisme_homme_debardeur_running_stretch_face_jump-768x951.jpg 768w, https:\/\/jump-performance.com\/wp-content\/uploads\/2019\/11\/Athl\u00e9tisme_homme_debardeur_running_stretch_face_jump.jpg 1050w\" sizes=\"(max-width: 827px) 100vw, 827px\" \/><\/a><figcaption> Athl\u00e9tisme Homme<\/figcaption><\/figure>\n\n\n\n<p style=\"text-align:center\"><strong><a href=\"https:\/\/jump-performance.com\/?page_id=1059\">D\u00e9bardeur Homme Stretch<\/a><\/strong><\/p>\n<\/div>\n\n\n\n<div class=\"wp-block-column\">\n<figure class=\"wp-block-image img-grid\"><a href=\"https:\/\/jump-performance.com\/?page_id=1066\"><img loading=\"lazy\" width=\"827\" height=\"1024\" src=\"https:\/\/jump-performance.com\/wp-content\/uploads\/2019\/11\/Athl\u00e9tisme_homme_debardeur_running_stretch_dos_nageur_face_jump-827x1024.jpg\" alt=\"maillot sport athletisme running trail personnalise jump performance\" class=\"wp-image-1067\" srcset=\"https:\/\/jump-performance.com\/wp-content\/uploads\/2019\/11\/Athl\u00e9tisme_homme_debardeur_running_stretch_dos_nageur_face_jump-827x1024.jpg 827w, https:\/\/jump-performance.com\/wp-content\/uploads\/2019\/11\/Athl\u00e9tisme_homme_debardeur_running_stretch_dos_nageur_face_jump-242x300.jpg 242w, https:\/\/jump-performance.com\/wp-content\/uploads\/2019\/11\/Athl\u00e9tisme_homme_debardeur_running_stretch_dos_nageur_face_jump-768x951.jpg 768w, https:\/\/jump-performance.com\/wp-content\/uploads\/2019\/11\/Athl\u00e9tisme_homme_debardeur_running_stretch_dos_nageur_face_jump.jpg 1050w\" sizes=\"(max-width: 827px) 100vw, 827px\" \/><\/a><figcaption> Athl\u00e9tisme Homme<\/figcaption><\/figure>\n\n\n\n<p style=\"text-align:center\"><strong><a href=\"https:\/\/jump-performance.com\/?page_id=1066\">D\u00e9bardeur Stretch Homme &#8211; Dos nageur<\/a><\/strong><\/p>\n<\/div>\n\n\n\n<div class=\"wp-block-column\">\n<figure class=\"wp-block-image img-grid\"><a href=\"https:\/\/jump-performance.com\/?page_id=1072\"><img loading=\"lazy\" width=\"827\" height=\"1024\" src=\"https:\/\/jump-performance.com\/wp-content\/uploads\/2019\/11\/Athl\u00e9tisme_homme_tshirt_running_col_V_plongeant_MC_face_jump-827x1024.jpg\" alt=\"maillot sport athletisme running trail personnalise jump performance\" class=\"wp-image-1073\" srcset=\"https:\/\/jump-performance.com\/wp-content\/uploads\/2019\/11\/Athl\u00e9tisme_homme_tshirt_running_col_V_plongeant_MC_face_jump-827x1024.jpg 827w, https:\/\/jump-performance.com\/wp-content\/uploads\/2019\/11\/Athl\u00e9tisme_homme_tshirt_running_col_V_plongeant_MC_face_jump-242x300.jpg 242w, https:\/\/jump-performance.com\/wp-content\/uploads\/2019\/11\/Athl\u00e9tisme_homme_tshirt_running_col_V_plongeant_MC_face_jump-768x951.jpg 768w, https:\/\/jump-performance.com\/wp-content\/uploads\/2019\/11\/Athl\u00e9tisme_homme_tshirt_running_col_V_plongeant_MC_face_jump.jpg 1050w\" sizes=\"(max-width: 827px) 100vw, 827px\" \/><\/a><figcaption> Athl\u00e9tisme Homme<\/figcaption><\/figure>\n\n\n\n<p style=\"text-align:center\"><strong><a href=\"https:\/\/jump-performance.com\/?page_id=1072\">T-shirt Homme MC<\/a><\/strong><\/p>\n<\/div>\n<\/div>\n\n\n\n<div class=\"wp-block-columns has-4-columns\">\n<div class=\"wp-block-column\">\n<figure class=\"wp-block-image img-grid\"><a class=\"\" href=\"https:\/\/jump-performance.com\/?page_id=1078\"><img loading=\"lazy\" width=\"827\" height=\"1024\" src=\"https:\/\/jump-performance.com\/wp-content\/uploads\/2019\/11\/Athl\u00e9tisme_homme_tshirt_running_col_zipp\u00e9_MC_face_jump-827x1024.jpg\" alt=\"maillot sport athletisme running trail personnalise jump performance\" class=\"wp-image-1079\" srcset=\"https:\/\/jump-performance.com\/wp-content\/uploads\/2019\/11\/Athl\u00e9tisme_homme_tshirt_running_col_zipp\u00e9_MC_face_jump-827x1024.jpg 827w, https:\/\/jump-performance.com\/wp-content\/uploads\/2019\/11\/Athl\u00e9tisme_homme_tshirt_running_col_zipp\u00e9_MC_face_jump-242x300.jpg 242w, https:\/\/jump-performance.com\/wp-content\/uploads\/2019\/11\/Athl\u00e9tisme_homme_tshirt_running_col_zipp\u00e9_MC_face_jump-768x951.jpg 768w, https:\/\/jump-performance.com\/wp-content\/uploads\/2019\/11\/Athl\u00e9tisme_homme_tshirt_running_col_zipp\u00e9_MC_face_jump.jpg 1050w\" sizes=\"(max-width: 827px) 100vw, 827px\" \/><\/a><figcaption> Athl\u00e9tisme Homme<\/figcaption><\/figure>\n\n\n\n<p style=\"text-align:center\"><strong><a href=\"https:\/\/jump-performance.com\/?page_id=1078\">T-shirt Homme &#8211; Col Zipp\u00e9 MC<\/a><\/strong><\/p>\n<\/div>\n\n\n\n<div class=\"wp-block-column\">\n<figure class=\"wp-block-image img-grid\"><a href=\"https:\/\/jump-performance.com\/?page_id=1084\"><img loading=\"lazy\" width=\"827\" height=\"1024\" src=\"https:\/\/jump-performance.com\/wp-content\/uploads\/2019\/11\/Athl\u00e9tisme_homme_trail_col_zipp\u00e9_mc_face_jump-827x1024.jpg\" alt=\"maillot sport athletisme running trail personnalise jump performance\" class=\"wp-image-1085\" srcset=\"https:\/\/jump-performance.com\/wp-content\/uploads\/2019\/11\/Athl\u00e9tisme_homme_trail_col_zipp\u00e9_mc_face_jump-827x1024.jpg 827w, https:\/\/jump-performance.com\/wp-content\/uploads\/2019\/11\/Athl\u00e9tisme_homme_trail_col_zipp\u00e9_mc_face_jump-242x300.jpg 242w, https:\/\/jump-performance.com\/wp-content\/uploads\/2019\/11\/Athl\u00e9tisme_homme_trail_col_zipp\u00e9_mc_face_jump-768x951.jpg 768w, https:\/\/jump-performance.com\/wp-content\/uploads\/2019\/11\/Athl\u00e9tisme_homme_trail_col_zipp\u00e9_mc_face_jump.jpg 1050w\" sizes=\"(max-width: 827px) 100vw, 827px\" \/><\/a><figcaption> Athl\u00e9tisme Homme<\/figcaption><\/figure>\n\n\n\n<p style=\"text-align:center\"><strong><a href=\"https:\/\/jump-performance.com\/?page_id=1084\">Maillot Trail Homme &#8211; Col Zipp\u00e9<\/a><\/strong><\/p>\n<\/div>\n\n\n\n<div class=\"wp-block-column\">\n<figure class=\"wp-block-image img-grid\"><a href=\"https:\/\/jump-performance.com\/?page_id=1090\"><img loading=\"lazy\" width=\"827\" height=\"1024\" src=\"https:\/\/jump-performance.com\/wp-content\/uploads\/2019\/11\/Athl\u00e9tisme_homme_cuissard_running_face_jump-827x1024.jpg\" alt=\"maillot sport athletisme running trail personnalise jump performance\" class=\"wp-image-1092\" srcset=\"https:\/\/jump-performance.com\/wp-content\/uploads\/2019\/11\/Athl\u00e9tisme_homme_cuissard_running_face_jump-827x1024.jpg 827w, https:\/\/jump-performance.com\/wp-content\/uploads\/2019\/11\/Athl\u00e9tisme_homme_cuissard_running_face_jump-242x300.jpg 242w, https:\/\/jump-performance.com\/wp-content\/uploads\/2019\/11\/Athl\u00e9tisme_homme_cuissard_running_face_jump-768x951.jpg 768w, https:\/\/jump-performance.com\/wp-content\/uploads\/2019\/11\/Athl\u00e9tisme_homme_cuissard_running_face_jump.jpg 1050w\" sizes=\"(max-width: 827px) 100vw, 827px\" \/><\/a><figcaption> Athl\u00e9tisme Homme<\/figcaption><\/figure>\n\n\n\n<p style=\"text-align:center\"><strong><a href=\"https:\/\/jump-performance.com\/?page_id=1090\">Cuissard Homme<\/a><\/strong><\/p>\n<\/div>\n\n\n\n<div class=\"wp-block-column\">\n<figure class=\"wp-block-image img-grid\"><a href=\"https:\/\/jump-performance.com\/?page_id=1096\"><img loading=\"lazy\" width=\"827\" height=\"1024\" src=\"https:\/\/jump-performance.com\/wp-content\/uploads\/2019\/11\/Athl\u00e9tisme_homme_collant_running_face_jump-827x1024.jpg\" alt=\"maillot sport athletisme running trail personnalise jump performance\" class=\"wp-image-1098\" srcset=\"https:\/\/jump-performance.com\/wp-content\/uploads\/2019\/11\/Athl\u00e9tisme_homme_collant_running_face_jump-827x1024.jpg 827w, https:\/\/jump-performance.com\/wp-content\/uploads\/2019\/11\/Athl\u00e9tisme_homme_collant_running_face_jump-242x300.jpg 242w, https:\/\/jump-performance.com\/wp-content\/uploads\/2019\/11\/Athl\u00e9tisme_homme_collant_running_face_jump-768x951.jpg 768w, https:\/\/jump-performance.com\/wp-content\/uploads\/2019\/11\/Athl\u00e9tisme_homme_collant_running_face_jump.jpg 1050w\" sizes=\"(max-width: 827px) 100vw, 827px\" \/><\/a><figcaption> Athl\u00e9tisme Homme<\/figcaption><\/figure>\n\n\n\n<p style=\"text-align:center\"><strong><a href=\"https:\/\/jump-performance.com\/?page_id=1096\">Collant Homme<\/a><\/strong><\/p>\n<\/div>\n<\/div>\n\n\n\n<div class=\"wp-block-kadence-spacer aligncenter kt-block-spacer-_249fd5-b4\"><div class=\"kt-block-spacer kt-block-spacer-halign-center\" style=\"height:60px\"><hr class=\"kt-divider\" style=\"border-top-color:rgba(255, 0, 0, 1);border-top-width:1px;width:80%;border-top-style:solid\"\/><\/div><\/div>\n\n\n\n<p class=\"has-medium-font-size\"><strong>MAILLOTS FEMME<\/strong><\/p>\n\n\n\n<div class=\"wp-block-columns has-4-columns\">\n<div class=\"wp-block-column\">\n<figure class=\"wp-block-image img-grid\"><a class=\"\" href=\"https:\/\/jump-performance.com\/?page_id=1104\"><img loading=\"lazy\" width=\"827\" height=\"1024\" src=\"https:\/\/jump-performance.com\/wp-content\/uploads\/2019\/11\/Athl\u00e9tisme_femme_d\u00e9bardeur_running_face_jump-827x1024.jpg\" alt=\"maillot sport athletisme running trail personnalise jump performance\" class=\"wp-image-1106\" srcset=\"https:\/\/jump-performance.com\/wp-content\/uploads\/2019\/11\/Athl\u00e9tisme_femme_d\u00e9bardeur_running_face_jump-827x1024.jpg 827w, https:\/\/jump-performance.com\/wp-content\/uploads\/2019\/11\/Athl\u00e9tisme_femme_d\u00e9bardeur_running_face_jump-242x300.jpg 242w, https:\/\/jump-performance.com\/wp-content\/uploads\/2019\/11\/Athl\u00e9tisme_femme_d\u00e9bardeur_running_face_jump-768x951.jpg 768w, https:\/\/jump-performance.com\/wp-content\/uploads\/2019\/11\/Athl\u00e9tisme_femme_d\u00e9bardeur_running_face_jump.jpg 1050w\" sizes=\"(max-width: 827px) 100vw, 827px\" \/><\/a><figcaption>Athl\u00e9tisme Femme<\/figcaption><\/figure>\n\n\n\n<p style=\"text-align:center\"><strong><a href=\"https:\/\/jump-performance.com\/?page_id=1104\">D\u00e9bardeur Femme<\/a><\/strong><\/p>\n<\/div>\n\n\n\n<div class=\"wp-block-column\">\n<figure class=\"wp-block-image img-grid\"><a href=\"https:\/\/jump-performance.com\/?page_id=1110\"><img loading=\"lazy\" width=\"827\" height=\"1024\" src=\"https:\/\/jump-performance.com\/wp-content\/uploads\/2019\/11\/Athl\u00e9tisme_femme_d\u00e9bardeur_running_stretch_face_jump-827x1024.jpg\" alt=\"maillot sport athletisme running trail personnalise jump performance\" class=\"wp-image-1111\" srcset=\"https:\/\/jump-performance.com\/wp-content\/uploads\/2019\/11\/Athl\u00e9tisme_femme_d\u00e9bardeur_running_stretch_face_jump-827x1024.jpg 827w, https:\/\/jump-performance.com\/wp-content\/uploads\/2019\/11\/Athl\u00e9tisme_femme_d\u00e9bardeur_running_stretch_face_jump-242x300.jpg 242w, https:\/\/jump-performance.com\/wp-content\/uploads\/2019\/11\/Athl\u00e9tisme_femme_d\u00e9bardeur_running_stretch_face_jump-768x951.jpg 768w, https:\/\/jump-performance.com\/wp-content\/uploads\/2019\/11\/Athl\u00e9tisme_femme_d\u00e9bardeur_running_stretch_face_jump.jpg 1050w\" sizes=\"(max-width: 827px) 100vw, 827px\" \/><\/a><figcaption> Athl\u00e9tisme Femme<\/figcaption><\/figure>\n\n\n\n<p style=\"text-align:center\"><strong><a href=\"https:\/\/jump-performance.com\/?page_id=1110\">D\u00e9bardeur Stretch Femme<\/a><\/strong><\/p>\n<\/div>\n\n\n\n<div class=\"wp-block-column\">\n<figure class=\"wp-block-image img-grid\"><a href=\"https:\/\/jump-performance.com\/?page_id=1116\"><img loading=\"lazy\" width=\"827\" height=\"1024\" src=\"https:\/\/jump-performance.com\/wp-content\/uploads\/2019\/11\/Athl\u00e9tisme_femme_d\u00e9bardeur_running_stretch_dos_nageur_face_jump-827x1024.jpg\" alt=\"maillot sport athletisme running trail personnalise jump performance\" class=\"wp-image-1119\" srcset=\"https:\/\/jump-performance.com\/wp-content\/uploads\/2019\/11\/Athl\u00e9tisme_femme_d\u00e9bardeur_running_stretch_dos_nageur_face_jump-827x1024.jpg 827w, https:\/\/jump-performance.com\/wp-content\/uploads\/2019\/11\/Athl\u00e9tisme_femme_d\u00e9bardeur_running_stretch_dos_nageur_face_jump-242x300.jpg 242w, https:\/\/jump-performance.com\/wp-content\/uploads\/2019\/11\/Athl\u00e9tisme_femme_d\u00e9bardeur_running_stretch_dos_nageur_face_jump-768x951.jpg 768w, https:\/\/jump-performance.com\/wp-content\/uploads\/2019\/11\/Athl\u00e9tisme_femme_d\u00e9bardeur_running_stretch_dos_nageur_face_jump.jpg 1050w\" sizes=\"(max-width: 827px) 100vw, 827px\" \/><\/a><figcaption> Athl\u00e9tisme Femme<\/figcaption><\/figure>\n\n\n\n<p style=\"text-align:center\"> <strong><a href=\"https:\/\/jump-performance.com\/?page_id=1116\">D\u00e9bardeur Stretch Femme &#8211; Dos nageur<\/a><\/strong><\/p>\n<\/div>\n\n\n\n<div class=\"wp-block-column\">\n<figure class=\"wp-block-image img-grid\"><a href=\"https:\/\/jump-performance.com\/?page_id=1122\"><img loading=\"lazy\" width=\"827\" height=\"1024\" src=\"https:\/\/jump-performance.com\/wp-content\/uploads\/2019\/11\/Athl\u00e9tisme_femme_Tshirt_running_col_V_plongeant_MC_face_jump-827x1024.jpg\" alt=\"maillot sport athletisme running trail personnalise jump performance\" class=\"wp-image-1124\" srcset=\"https:\/\/jump-performance.com\/wp-content\/uploads\/2019\/11\/Athl\u00e9tisme_femme_Tshirt_running_col_V_plongeant_MC_face_jump-827x1024.jpg 827w, https:\/\/jump-performance.com\/wp-content\/uploads\/2019\/11\/Athl\u00e9tisme_femme_Tshirt_running_col_V_plongeant_MC_face_jump-242x300.jpg 242w, https:\/\/jump-performance.com\/wp-content\/uploads\/2019\/11\/Athl\u00e9tisme_femme_Tshirt_running_col_V_plongeant_MC_face_jump-768x951.jpg 768w, https:\/\/jump-performance.com\/wp-content\/uploads\/2019\/11\/Athl\u00e9tisme_femme_Tshirt_running_col_V_plongeant_MC_face_jump.jpg 1050w\" sizes=\"(max-width: 827px) 100vw, 827px\" \/><\/a><figcaption> Athl\u00e9tisme Femme<\/figcaption><\/figure>\n\n\n\n<p style=\"text-align:center\"> <strong><a href=\"https:\/\/jump-performance.com\/?page_id=1122\">T-shirt Femme MC<\/a><\/strong><\/p>\n<\/div>\n<\/div>\n\n\n\n<div class=\"wp-block-columns has-4-columns\">\n<div class=\"wp-block-column\">\n<figure class=\"wp-block-image img-grid\"><a class=\"\" href=\"https:\/\/jump-performance.com\/?page_id=1128\"><img loading=\"lazy\" width=\"827\" height=\"1024\" src=\"https:\/\/jump-performance.com\/wp-content\/uploads\/2019\/11\/Athl\u00e9tisme_femme_Tshirt_running_col_zipp\u00e9_MC_face_jump-827x1024.jpg\" alt=\"maillot sport athletisme running trail personnalise jump performance\" class=\"wp-image-1129\" srcset=\"https:\/\/jump-performance.com\/wp-content\/uploads\/2019\/11\/Athl\u00e9tisme_femme_Tshirt_running_col_zipp\u00e9_MC_face_jump-827x1024.jpg 827w, https:\/\/jump-performance.com\/wp-content\/uploads\/2019\/11\/Athl\u00e9tisme_femme_Tshirt_running_col_zipp\u00e9_MC_face_jump-242x300.jpg 242w, https:\/\/jump-performance.com\/wp-content\/uploads\/2019\/11\/Athl\u00e9tisme_femme_Tshirt_running_col_zipp\u00e9_MC_face_jump-768x951.jpg 768w, https:\/\/jump-performance.com\/wp-content\/uploads\/2019\/11\/Athl\u00e9tisme_femme_Tshirt_running_col_zipp\u00e9_MC_face_jump.jpg 1050w\" sizes=\"(max-width: 827px) 100vw, 827px\" \/><\/a><figcaption> Athl\u00e9tisme Femme<\/figcaption><\/figure>\n\n\n\n<p style=\"text-align:center\"> <strong><a href=\"https:\/\/jump-performance.com\/?page_id=1128\">T-shirt Femme &#8211; Col Zipp\u00e9 MC<\/a><\/strong><\/p>\n<\/div>\n\n\n\n<div class=\"wp-block-column\">\n<figure class=\"wp-block-image img-grid\"><a href=\"https:\/\/jump-performance.com\/?page_id=1133\"><img loading=\"lazy\" width=\"827\" height=\"1024\" src=\"https:\/\/jump-performance.com\/wp-content\/uploads\/2019\/11\/Athl\u00e9tisme_femme_maillot_trail_col_zipp\u00e9_MC_face_jump-827x1024.jpg\" alt=\"maillot sport athletisme running trail personnalise jump performance\" class=\"wp-image-1135\" srcset=\"https:\/\/jump-performance.com\/wp-content\/uploads\/2019\/11\/Athl\u00e9tisme_femme_maillot_trail_col_zipp\u00e9_MC_face_jump-827x1024.jpg 827w, https:\/\/jump-performance.com\/wp-content\/uploads\/2019\/11\/Athl\u00e9tisme_femme_maillot_trail_col_zipp\u00e9_MC_face_jump-242x300.jpg 242w, https:\/\/jump-performance.com\/wp-content\/uploads\/2019\/11\/Athl\u00e9tisme_femme_maillot_trail_col_zipp\u00e9_MC_face_jump-768x951.jpg 768w, https:\/\/jump-performance.com\/wp-content\/uploads\/2019\/11\/Athl\u00e9tisme_femme_maillot_trail_col_zipp\u00e9_MC_face_jump.jpg 1050w\" sizes=\"(max-width: 827px) 100vw, 827px\" \/><\/a><figcaption> Athl\u00e9tisme Femme<\/figcaption><\/figure>\n\n\n\n<p style=\"text-align:center\"> <strong><a href=\"https:\/\/jump-performance.com\/?page_id=1133\">Maillot Trail Femme &#8211; Col Zipp\u00e9<\/a><\/strong> <\/p>\n<\/div>\n\n\n\n<div class=\"wp-block-column\">\n<figure class=\"wp-block-image img-grid\"><a href=\"https:\/\/jump-performance.com\/?page_id=1139\"><img loading=\"lazy\" width=\"827\" height=\"1024\" src=\"https:\/\/jump-performance.com\/wp-content\/uploads\/2019\/11\/Athl\u00e9tisme_femme_brassi\u00e8re_running_face_jump-827x1024.jpg\" alt=\"maillot sport athletisme running trail personnalise jump performance\" class=\"wp-image-1140\" srcset=\"https:\/\/jump-performance.com\/wp-content\/uploads\/2019\/11\/Athl\u00e9tisme_femme_brassi\u00e8re_running_face_jump-827x1024.jpg 827w, https:\/\/jump-performance.com\/wp-content\/uploads\/2019\/11\/Athl\u00e9tisme_femme_brassi\u00e8re_running_face_jump-242x300.jpg 242w, https:\/\/jump-performance.com\/wp-content\/uploads\/2019\/11\/Athl\u00e9tisme_femme_brassi\u00e8re_running_face_jump-768x951.jpg 768w, https:\/\/jump-performance.com\/wp-content\/uploads\/2019\/11\/Athl\u00e9tisme_femme_brassi\u00e8re_running_face_jump.jpg 1050w\" sizes=\"(max-width: 827px) 100vw, 827px\" \/><\/a><figcaption> Athl\u00e9tisme Femme<\/figcaption><\/figure>\n\n\n\n<p style=\"text-align:center\"><strong><a href=\"https:\/\/jump-performance.com\/?page_id=1139\">Brassi\u00e8re Femme<\/a><\/strong><\/p>\n<\/div>\n\n\n\n<div class=\"wp-block-column\">\n<figure class=\"wp-block-image img-grid\"><a href=\"https:\/\/jump-performance.com\/?page_id=1145\"><img loading=\"lazy\" width=\"827\" height=\"1024\" src=\"https:\/\/jump-performance.com\/wp-content\/uploads\/2019\/11\/Athl\u00e9tisme_femme_shorty_running_face_jump-827x1024.jpg\" alt=\"maillot sport athletisme running trail personnalise jump performance\" class=\"wp-image-1146\" srcset=\"https:\/\/jump-performance.com\/wp-content\/uploads\/2019\/11\/Athl\u00e9tisme_femme_shorty_running_face_jump-827x1024.jpg 827w, https:\/\/jump-performance.com\/wp-content\/uploads\/2019\/11\/Athl\u00e9tisme_femme_shorty_running_face_jump-242x300.jpg 242w, https:\/\/jump-performance.com\/wp-content\/uploads\/2019\/11\/Athl\u00e9tisme_femme_shorty_running_face_jump-768x951.jpg 768w, https:\/\/jump-performance.com\/wp-content\/uploads\/2019\/11\/Athl\u00e9tisme_femme_shorty_running_face_jump.jpg 1050w\" sizes=\"(max-width: 827px) 100vw, 827px\" \/><\/a><figcaption> Athl\u00e9tisme Femme<\/figcaption><\/figure>\n\n\n\n<p style=\"text-align:center\"><strong><a href=\"https:\/\/jump-performance.com\/?page_id=1145\">Shorty Femme<\/a><\/strong><\/p>\n<\/div>\n<\/div>\n\n\n\n<p><\/p>\n","protected":false},"excerpt":{"rendered":"<p>D\u00e9couvrez nos collections de maillots et short d&#8217;athl\u00e9tisme sublim\u00e9s. Pour toutes disciplines athl\u00e9tiques, vos tenues adapt\u00e9es \u00e0 vos besoins. MAILLOTS HOMME D\u00e9bardeur Homme D\u00e9bardeur Homme Stretch D\u00e9bardeur Stretch Homme &#8211; Dos nageur T-shirt Homme MC T-shirt Homme &#8211; Col Zipp\u00e9 &hellip; <a href=\"https:\/\/jump-performance.com\/?page_id=1049\">Lire la suite\u00ad\u00ad<\/a><\/p>\n","protected":false},"author":1,"featured_media":0,"parent":0,"menu_order":0,"comment_status":"closed","ping_status":"closed","template":"","meta":{"advgb_blocks_editor_width":"","advgb_blocks_columns_visual_guide":"","kt_blocks_editor_width":""},"categories":[57],"tags":[],"coauthors":[],"author_meta":{"author_link":"https:\/\/jump-performance.com\/?author=1","display_name":"adminFDjump"},"relative_dates":{"created":"Posted 6 ans ago","modified":"Updated 6 ans ago"},"absolute_dates":{"created":"Posted on 15 novembre 2019","modified":"Updated on 15 novembre 2019"},"absolute_dates_time":{"created":"Posted on 15 novembre 2019 11 h 18 min","modified":"Updated on 15 novembre 2019 13 h 12 min"},"featured_img_caption":"","uagb_featured_image_src":{"full":false,"thumbnail":false,"medium":false,"medium_large":false,"large":false,"1536x1536":false,"2048x2048":false,"widget-thumb":false},"uagb_author_info":{"display_name":"adminFDjump","author_link":"https:\/\/jump-performance.com\/?author=1"},"uagb_comment_info":0,"uagb_excerpt":"D\u00e9couvrez nos collections de maillots et short d&#8217;athl\u00e9tisme sublim\u00e9s. Pour toutes disciplines athl\u00e9tiques, vos tenues adapt\u00e9es \u00e0 vos besoins. MAILLOTS HOMME D\u00e9bardeur Homme D\u00e9bardeur Homme Stretch D\u00e9bardeur Stretch Homme &#8211; Dos nageur T-shirt Homme MC T-shirt Homme &#8211; Col Zipp\u00e9 &hellip; Lire la suite\u00ad\u00ad","_links":{"self":[{"href":"https:\/\/jump-performance.com\/index.php?rest_route=\/wp\/v2\/pages\/1049"}],"collection":[{"href":"https:\/\/jump-performance.com\/index.php?rest_route=\/wp\/v2\/pages"}],"about":[{"href":"https:\/\/jump-performance.com\/index.php?rest_route=\/wp\/v2\/types\/page"}],"author":[{"embeddable":true,"href":"https:\/\/jump-performance.com\/index.php?rest_route=\/wp\/v2\/users\/1"}],"replies":[{"embeddable":true,"href":"https:\/\/jump-performance.com\/index.php?rest_route=%2Fwp%2Fv2%2Fcomments&post=1049"}],"version-history":[{"count":20,"href":"https:\/\/jump-performance.com\/index.php?rest_route=\/wp\/v2\/pages\/1049\/revisions"}],"predecessor-version":[{"id":1149,"href":"https:\/\/jump-performance.com\/index.php?rest_route=\/wp\/v2\/pages\/1049\/revisions\/1149"}],"wp:attachment":[{"href":"https:\/\/jump-performance.com\/index.php?rest_route=%2Fwp%2Fv2%2Fmedia&parent=1049"}],"wp:term":[{"taxonomy":"category","embeddable":true,"href":"https:\/\/jump-performance.com\/index.php?rest_route=%2Fwp%2Fv2%2Fcategories&post=1049"},{"taxonomy":"post_tag","embeddable":true,"href":"https:\/\/jump-performance.com\/index.php?rest_route=%2Fwp%2Fv2%2Ftags&post=1049"}],"curies":[{"name":"wp","href":"https:\/\/api.w.org\/{rel}","templated":true}]}}