{"id":1598,"date":"2020-05-18T11:29:20","date_gmt":"2020-05-18T09:29:20","guid":{"rendered":"https:\/\/jump-performance.com\/?page_id=1598"},"modified":"2022-09-29T14:16:30","modified_gmt":"2022-09-29T12:16:30","slug":"contactez-nous","status":"publish","type":"page","link":"https:\/\/jump-performance.com\/?page_id=1598","title":{"rendered":"Contactez-nous"},"content":{"rendered":"\n<div class=\"wp-block-columns\">\n<div class=\"wp-block-column\">\n<h4><strong>Renseignements<\/strong><\/h4>\n\n\n\n<p class=\"has-text-align-left has-normal-font-size\">Pour toutes questions ou informations, n\u2019h\u00e9sitez pas \u00e0 nous contacter via le formulaire ci-dessous, ou bien par t\u00e9l\u00e9phone au&nbsp;:<\/p>\n\n\n\n<p class=\"has-text-align-center has-medium-font-size\"><strong>09-83-84-61-56<\/strong><\/p>\n\n\n\n<p class=\"has-text-align-left has-normal-font-size\">Du lundi au vendredi de 9h \u00e0 12h et de 14h \u00e0 18h.<\/p>\n\n\n\n<div class=\"wp-block-kadence-spacer aligncenter kt-block-spacer-_322e07-7d\"><div class=\"kt-block-spacer kt-block-spacer-halign-center\" style=\"height:60px\"><hr class=\"kt-divider\" style=\"border-top-color:#ff0000;border-top-width:1px;width:80%;border-top-style:solid\"\/><\/div><\/div>\n\n\n\n<h4><strong>Nous contacter<\/strong><\/h4>\n\n\n\t\t\t\t<div class = \"wp-block-uagb-cf7-styler uagb-cf7-styler__outer-wrap uagb-block-d6b3dc30   \">\n\t\t\t\t\t<div class = \"uagb-cf7-styler__align-left uagb-cf7-styler__field-style-box uagb-cf7-styler__btn-align-left uagb-cf7-styler__highlight-style-default uagb-cf7-styler__check-style-enabled\">\n\t\t\t\t\t<div role=\"form\" class=\"wpcf7\" id=\"wpcf7-f1601-o1\" lang=\"fr-FR\" dir=\"ltr\">\n<div class=\"screen-reader-response\"><p role=\"status\" aria-live=\"polite\" aria-atomic=\"true\"><\/p> <ul><\/ul><\/div>\n<form action=\"\/index.php?rest_route=%2Fwp%2Fv2%2Fpages%2F1598#wpcf7-f1601-o1\" method=\"post\" class=\"wpcf7-form init\" novalidate=\"novalidate\" data-status=\"init\">\n<div style=\"display: none;\">\n<input type=\"hidden\" name=\"_wpcf7\" value=\"1601\" \/>\n<input type=\"hidden\" name=\"_wpcf7_version\" value=\"5.4.1\" \/>\n<input type=\"hidden\" name=\"_wpcf7_locale\" value=\"fr_FR\" \/>\n<input type=\"hidden\" name=\"_wpcf7_unit_tag\" value=\"wpcf7-f1601-o1\" \/>\n<input type=\"hidden\" name=\"_wpcf7_container_post\" value=\"0\" \/>\n<input type=\"hidden\" name=\"_wpcf7_posted_data_hash\" value=\"\" \/>\n<\/div>\n<p><label> Votre nom (obligatoire)<br \/>\n    <span class=\"wpcf7-form-control-wrap your-name\"><input type=\"text\" name=\"your-name\" value=\"\" size=\"40\" class=\"wpcf7-form-control wpcf7-text wpcf7-validates-as-required\" aria-required=\"true\" aria-invalid=\"false\" \/><\/span> <\/label><\/p>\n<p><label> Votre adresse de messagerie (obligatoire)<br \/>\n    <span class=\"wpcf7-form-control-wrap your-email\"><input type=\"email\" name=\"your-email\" value=\"\" size=\"40\" class=\"wpcf7-form-control wpcf7-text wpcf7-email wpcf7-validates-as-required wpcf7-validates-as-email\" aria-required=\"true\" aria-invalid=\"false\" \/><\/span> <\/label><\/p>\n<p><label> Vous \u00eates<br \/>\n<span class=\"wpcf7-form-control-wrap id-client\"><select name=\"id-client\" class=\"wpcf7-form-control wpcf7-select\" aria-invalid=\"false\"><option value=\"Club\/Association\">Club\/Association<\/option><option value=\"Entreprise\">Entreprise<\/option><option value=\"Ecole\">Ecole<\/option><option value=\"Particulier\">Particulier<\/option><option value=\"Autre\">Autre<\/option><\/select><\/span><\/label><\/p>\n<p><label>Sport(s) concern\u00e9(s)<\/label><br \/>\n<span class=\"wpcf7-form-control-wrap choix_sports\"><span class=\"wpcf7-form-control wpcf7-checkbox\"><span class=\"wpcf7-list-item first\"><label><input type=\"checkbox\" name=\"choix_sports[]\" value=\"Foot\" \/><span class=\"wpcf7-list-item-label\">Foot<\/span><\/label><\/span><span class=\"wpcf7-list-item\"><label><input type=\"checkbox\" name=\"choix_sports[]\" value=\"Hand\" \/><span class=\"wpcf7-list-item-label\">Hand<\/span><\/label><\/span><span class=\"wpcf7-list-item\"><label><input type=\"checkbox\" name=\"choix_sports[]\" value=\"Volley\" \/><span class=\"wpcf7-list-item-label\">Volley<\/span><\/label><\/span><span class=\"wpcf7-list-item\"><label><input type=\"checkbox\" name=\"choix_sports[]\" value=\"Rugby\" \/><span class=\"wpcf7-list-item-label\">Rugby<\/span><\/label><\/span><span class=\"wpcf7-list-item\"><label><input type=\"checkbox\" name=\"choix_sports[]\" value=\"Basket\" \/><span class=\"wpcf7-list-item-label\">Basket<\/span><\/label><\/span><span class=\"wpcf7-list-item\"><label><input type=\"checkbox\" name=\"choix_sports[]\" value=\"Athl\u00e9tisme\" \/><span class=\"wpcf7-list-item-label\">Athl\u00e9tisme<\/span><\/label><\/span><span class=\"wpcf7-list-item\"><label><input type=\"checkbox\" name=\"choix_sports[]\" value=\"Cyclisme\" \/><span class=\"wpcf7-list-item-label\">Cyclisme<\/span><\/label><\/span><span class=\"wpcf7-list-item last\"><label><input type=\"checkbox\" name=\"choix_sports[]\" value=\"BMX\/VTT\" \/><span class=\"wpcf7-list-item-label\">BMX\/VTT<\/span><\/label><\/span><\/span><\/span><\/p>\n<p><label> Objet<br \/>\n    <span class=\"wpcf7-form-control-wrap your-subject\"><input type=\"text\" name=\"your-subject\" value=\"\" size=\"40\" class=\"wpcf7-form-control wpcf7-text\" aria-invalid=\"false\" \/><\/span> <\/label><\/p>\n<p><label> Votre message<br \/>\n    <span class=\"wpcf7-form-control-wrap your-message\"><textarea name=\"your-message\" cols=\"40\" rows=\"10\" class=\"wpcf7-form-control wpcf7-textarea\" aria-invalid=\"false\"><\/textarea><\/span> <\/label><\/p>\n<p><input type=\"submit\" value=\"Envoyer\" class=\"wpcf7-form-control wpcf7-submit\" \/><\/p>\n<div class=\"wpcf7-response-output\" aria-hidden=\"true\"><\/div><\/form><\/div>\t\t\t\t\t<\/div>\n\t\t\t\t<\/div>\n\t\t\t\t<\/div>\n\n\n\n<div class=\"wp-block-column\">\n<div class=\"wp-block-image\"><figure class=\"aligncenter size-large\"><img loading=\"lazy\" width=\"600\" height=\"600\" src=\"https:\/\/jump-performance.com\/wp-content\/uploads\/2020\/05\/perf_france2b.jpg\" alt=\"\" class=\"wp-image-1588\" srcset=\"https:\/\/jump-performance.com\/wp-content\/uploads\/2020\/05\/perf_france2b.jpg 600w, https:\/\/jump-performance.com\/wp-content\/uploads\/2020\/05\/perf_france2b-300x300.jpg 300w, https:\/\/jump-performance.com\/wp-content\/uploads\/2020\/05\/perf_france2b-150x150.jpg 150w\" sizes=\"(max-width: 600px) 100vw, 600px\" \/><figcaption><strong>Fabrication 100% fran\u00e7aise<\/strong><\/figcaption><\/figure><\/div>\n<\/div>\n<\/div>\n","protected":false},"excerpt":{"rendered":"<p>Renseignements Pour toutes questions ou informations, n\u2019h\u00e9sitez pas \u00e0 nous contacter via le formulaire ci-dessous, ou bien par t\u00e9l\u00e9phone au&nbsp;: 09-83-84-61-56 Du lundi au vendredi de 9h \u00e0 12h et de 14h \u00e0 18h. Nous contacter<\/p>\n","protected":false},"author":1,"featured_media":0,"parent":0,"menu_order":0,"comment_status":"closed","ping_status":"closed","template":"","meta":{"advgb_blocks_editor_width":"","advgb_blocks_columns_visual_guide":"","kt_blocks_editor_width":""},"categories":[],"tags":[],"coauthors":[],"author_meta":{"author_link":"https:\/\/jump-performance.com\/?author=1","display_name":"adminFDjump"},"relative_dates":{"created":"Posted 6 ans ago","modified":"Updated 4 ans ago"},"absolute_dates":{"created":"Posted on 18 mai 2020","modified":"Updated on 29 septembre 2022"},"absolute_dates_time":{"created":"Posted on 18 mai 2020 11 h 29 min","modified":"Updated on 29 septembre 2022 14 h 16 min"},"featured_img_caption":"","uagb_featured_image_src":{"full":false,"thumbnail":false,"medium":false,"medium_large":false,"large":false,"1536x1536":false,"2048x2048":false,"widget-thumb":false},"uagb_author_info":{"display_name":"adminFDjump","author_link":"https:\/\/jump-performance.com\/?author=1"},"uagb_comment_info":0,"uagb_excerpt":"Renseignements Pour toutes questions ou informations, n\u2019h\u00e9sitez pas \u00e0 nous contacter via le formulaire ci-dessous, ou bien par t\u00e9l\u00e9phone au&nbsp;: 09-83-84-61-56 Du lundi au vendredi de 9h \u00e0 12h et de 14h \u00e0 18h. Nous contacter","_links":{"self":[{"href":"https:\/\/jump-performance.com\/index.php?rest_route=\/wp\/v2\/pages\/1598"}],"collection":[{"href":"https:\/\/jump-performance.com\/index.php?rest_route=\/wp\/v2\/pages"}],"about":[{"href":"https:\/\/jump-performance.com\/index.php?rest_route=\/wp\/v2\/types\/page"}],"author":[{"embeddable":true,"href":"https:\/\/jump-performance.com\/index.php?rest_route=\/wp\/v2\/users\/1"}],"replies":[{"embeddable":true,"href":"https:\/\/jump-performance.com\/index.php?rest_route=%2Fwp%2Fv2%2Fcomments&post=1598"}],"version-history":[{"count":12,"href":"https:\/\/jump-performance.com\/index.php?rest_route=\/wp\/v2\/pages\/1598\/revisions"}],"predecessor-version":[{"id":20186,"href":"https:\/\/jump-performance.com\/index.php?rest_route=\/wp\/v2\/pages\/1598\/revisions\/20186"}],"wp:attachment":[{"href":"https:\/\/jump-performance.com\/index.php?rest_route=%2Fwp%2Fv2%2Fmedia&parent=1598"}],"wp:term":[{"taxonomy":"category","embeddable":true,"href":"https:\/\/jump-performance.com\/index.php?rest_route=%2Fwp%2Fv2%2Fcategories&post=1598"},{"taxonomy":"post_tag","embeddable":true,"href":"https:\/\/jump-performance.com\/index.php?rest_route=%2Fwp%2Fv2%2Ftags&post=1598"}],"curies":[{"name":"wp","href":"https:\/\/api.w.org\/{rel}","templated":true}]}}