{"id":1773,"date":"2020-06-10T12:55:22","date_gmt":"2020-06-10T10:55:22","guid":{"rendered":"https:\/\/jump-performance.com\/?page_id=1773"},"modified":"2020-06-10T13:10:56","modified_gmt":"2020-06-10T11:10:56","slug":"communication-marketing","status":"publish","type":"page","link":"https:\/\/jump-performance.com\/?page_id=1773","title":{"rendered":"Communication \u2013 Marketing"},"content":{"rendered":"\n<div class=\"wp-block-image\"><figure class=\"aligncenter size-large\"><img loading=\"lazy\" width=\"800\" height=\"600\" src=\"https:\/\/jump-performance.com\/wp-content\/uploads\/2020\/06\/com_insitu.jpg\" alt=\"\" class=\"wp-image-1775\" srcset=\"https:\/\/jump-performance.com\/wp-content\/uploads\/2020\/06\/com_insitu.jpg 800w, https:\/\/jump-performance.com\/wp-content\/uploads\/2020\/06\/com_insitu-300x225.jpg 300w, https:\/\/jump-performance.com\/wp-content\/uploads\/2020\/06\/com_insitu-768x576.jpg 768w\" sizes=\"(max-width: 800px) 100vw, 800px\" \/><\/figure><\/div>\n\n\n\n<p><strong>Jump Performance <\/strong>est \u00e9galement sp\u00e9cialis\u00e9e dans la cr\u00e9ation et fabrication de vos supports communication d\u00e9di\u00e9s \u00e0 votre image et celle de vos partenaires.<\/p>\n\n\n\n<p style=\"font-size:27px\">Pressbook &#8211; Flyers &#8211; Affiches &#8211; PLV &#8211; B\u00e2ches &#8211; Posters &#8211; Catalogue &#8211; Logo &#8211; Web<\/p>\n\n\n\n<p>Notre \u00e9quipe graphique cr\u00e9e votre&nbsp;<strong>identit\u00e9 visuelle<\/strong>&nbsp;afin qu\u2019elle refl\u00e8te parfaitement les valeurs que vous souhaitez v\u00e9hiculer.<\/p>\n\n\n\n<p>Nos r\u00e9alisations&nbsp;<strong>personnalis\u00e9es<\/strong>&nbsp;vous assurerons une excellente visibilit\u00e9 afin de donner une image professionnelle et structur\u00e9e \u00e0 votre team, club, association&#8230;<\/p>\n\n\n\n<p>Notre savoir-faire nous permet d\u2019utiliser tous les leviers du&nbsp;<strong>marketing sportif<\/strong>&nbsp;pour cr\u00e9er de la valeur \u00e0 vos partenaires.<\/p>\n\n\n\n<p>La qualit\u00e9 de notre communication avec la client\u00e8le s\u2019en trouve ainsi renforc\u00e9e mettant au premier plan le d\u00e9veloppement d\u2019une relation \u00e0&nbsp;<strong>dimension humaine<\/strong>.<\/p>\n\n\n\n<h5 class=\"has-black-color has-text-color\"><strong>N&#8217;h\u00e9sitez pas \u00e0 nous faire parvenir votre demande de devis, ou \u00e0 nous contacter par t\u00e9l\u00e9phone au 09-87-32-40-28<\/strong><\/h5>\n\n\n\n<div class=\"wp-block-kadence-spacer aligncenter kt-block-spacer-_29e407-a9\"><div class=\"kt-block-spacer kt-block-spacer-halign-center\" style=\"height:60px\"><hr class=\"kt-divider\" style=\"border-top-color:rgba(255, 0, 0, 1);border-top-width:1px;width:80%;border-top-style:solid\"\/><\/div><\/div>\n\n\n\n<p class=\"has-medium-font-size\"><strong>Demande de devis<\/strong><\/p>\n\n\n\n<br\/>\n\n\n\t\t\t\t<div class = \"wp-block-uagb-cf7-styler uagb-cf7-styler__outer-wrap uagb-block-1eee4f5c-a132-4d87-bf51-5d18d57671d0   \">\n\t\t\t\t\t<div class = \"uagb-cf7-styler__align-left uagb-cf7-styler__field-style-box uagb-cf7-styler__btn-align-left uagb-cf7-styler__highlight-style-default uagb-cf7-styler__check-style-enabled\">\n\t\t\t\t\t<div role=\"form\" class=\"wpcf7\" id=\"wpcf7-f1601-o1\" lang=\"fr-FR\" dir=\"ltr\">\n<div class=\"screen-reader-response\"><p role=\"status\" aria-live=\"polite\" aria-atomic=\"true\"><\/p> <ul><\/ul><\/div>\n<form action=\"\/index.php?rest_route=%2Fwp%2Fv2%2Fpages%2F1773#wpcf7-f1601-o1\" method=\"post\" class=\"wpcf7-form init\" novalidate=\"novalidate\" data-status=\"init\">\n<div style=\"display: none;\">\n<input type=\"hidden\" name=\"_wpcf7\" value=\"1601\" \/>\n<input type=\"hidden\" name=\"_wpcf7_version\" value=\"5.4.1\" \/>\n<input type=\"hidden\" name=\"_wpcf7_locale\" value=\"fr_FR\" \/>\n<input type=\"hidden\" name=\"_wpcf7_unit_tag\" value=\"wpcf7-f1601-o1\" \/>\n<input type=\"hidden\" name=\"_wpcf7_container_post\" value=\"0\" \/>\n<input type=\"hidden\" name=\"_wpcf7_posted_data_hash\" value=\"\" \/>\n<\/div>\n<p><label> Votre nom (obligatoire)<br \/>\n    <span class=\"wpcf7-form-control-wrap your-name\"><input type=\"text\" name=\"your-name\" value=\"\" size=\"40\" class=\"wpcf7-form-control wpcf7-text wpcf7-validates-as-required\" aria-required=\"true\" aria-invalid=\"false\" \/><\/span> <\/label><\/p>\n<p><label> Votre adresse de messagerie (obligatoire)<br \/>\n    <span class=\"wpcf7-form-control-wrap your-email\"><input type=\"email\" name=\"your-email\" value=\"\" size=\"40\" class=\"wpcf7-form-control wpcf7-text wpcf7-email wpcf7-validates-as-required wpcf7-validates-as-email\" aria-required=\"true\" aria-invalid=\"false\" \/><\/span> <\/label><\/p>\n<p><label> Vous \u00eates<br \/>\n<span class=\"wpcf7-form-control-wrap id-client\"><select name=\"id-client\" class=\"wpcf7-form-control wpcf7-select\" aria-invalid=\"false\"><option value=\"Club\/Association\">Club\/Association<\/option><option value=\"Entreprise\">Entreprise<\/option><option value=\"Ecole\">Ecole<\/option><option value=\"Particulier\">Particulier<\/option><option value=\"Autre\">Autre<\/option><\/select><\/span><\/label><\/p>\n<p><label>Sport(s) concern\u00e9(s)<\/label><br \/>\n<span class=\"wpcf7-form-control-wrap choix_sports\"><span class=\"wpcf7-form-control wpcf7-checkbox\"><span class=\"wpcf7-list-item first\"><label><input type=\"checkbox\" name=\"choix_sports[]\" value=\"Foot\" \/><span class=\"wpcf7-list-item-label\">Foot<\/span><\/label><\/span><span class=\"wpcf7-list-item\"><label><input type=\"checkbox\" name=\"choix_sports[]\" value=\"Hand\" \/><span class=\"wpcf7-list-item-label\">Hand<\/span><\/label><\/span><span class=\"wpcf7-list-item\"><label><input type=\"checkbox\" name=\"choix_sports[]\" value=\"Volley\" \/><span class=\"wpcf7-list-item-label\">Volley<\/span><\/label><\/span><span class=\"wpcf7-list-item\"><label><input type=\"checkbox\" name=\"choix_sports[]\" value=\"Rugby\" \/><span class=\"wpcf7-list-item-label\">Rugby<\/span><\/label><\/span><span class=\"wpcf7-list-item\"><label><input type=\"checkbox\" name=\"choix_sports[]\" value=\"Basket\" \/><span class=\"wpcf7-list-item-label\">Basket<\/span><\/label><\/span><span class=\"wpcf7-list-item\"><label><input type=\"checkbox\" name=\"choix_sports[]\" value=\"Athl\u00e9tisme\" \/><span class=\"wpcf7-list-item-label\">Athl\u00e9tisme<\/span><\/label><\/span><span class=\"wpcf7-list-item\"><label><input type=\"checkbox\" name=\"choix_sports[]\" value=\"Cyclisme\" \/><span class=\"wpcf7-list-item-label\">Cyclisme<\/span><\/label><\/span><span class=\"wpcf7-list-item last\"><label><input type=\"checkbox\" name=\"choix_sports[]\" value=\"BMX\/VTT\" \/><span class=\"wpcf7-list-item-label\">BMX\/VTT<\/span><\/label><\/span><\/span><\/span><\/p>\n<p><label> Objet<br \/>\n    <span class=\"wpcf7-form-control-wrap your-subject\"><input type=\"text\" name=\"your-subject\" value=\"\" size=\"40\" class=\"wpcf7-form-control wpcf7-text\" aria-invalid=\"false\" \/><\/span> <\/label><\/p>\n<p><label> Votre message<br \/>\n    <span class=\"wpcf7-form-control-wrap your-message\"><textarea name=\"your-message\" cols=\"40\" rows=\"10\" class=\"wpcf7-form-control wpcf7-textarea\" aria-invalid=\"false\"><\/textarea><\/span> <\/label><\/p>\n<p><input type=\"submit\" value=\"Envoyer\" class=\"wpcf7-form-control wpcf7-submit\" \/><\/p>\n<div class=\"wpcf7-response-output\" aria-hidden=\"true\"><\/div><\/form><\/div>\t\t\t\t\t<\/div>\n\t\t\t\t<\/div>\n\t\t\t\t","protected":false},"excerpt":{"rendered":"<p>Jump Performance est \u00e9galement sp\u00e9cialis\u00e9e dans la cr\u00e9ation et fabrication de vos supports communication d\u00e9di\u00e9s \u00e0 votre image et celle de vos partenaires. Pressbook &#8211; Flyers &#8211; Affiches &#8211; PLV &#8211; B\u00e2ches &#8211; Posters &#8211; Catalogue &#8211; Logo &#8211; Web &hellip; <a href=\"https:\/\/jump-performance.com\/?page_id=1773\">Lire la suite\u00ad\u00ad<\/a><\/p>\n","protected":false},"author":1,"featured_media":0,"parent":0,"menu_order":0,"comment_status":"closed","ping_status":"closed","template":"","meta":{"advgb_blocks_editor_width":"","advgb_blocks_columns_visual_guide":"","kt_blocks_editor_width":""},"categories":[],"tags":[],"coauthors":[],"author_meta":{"author_link":"https:\/\/jump-performance.com\/?author=1","display_name":"adminFDjump"},"relative_dates":{"created":"Posted 6 ans ago","modified":"Updated 6 ans ago"},"absolute_dates":{"created":"Posted on 10 juin 2020","modified":"Updated on 10 juin 2020"},"absolute_dates_time":{"created":"Posted on 10 juin 2020 12 h 55 min","modified":"Updated on 10 juin 2020 13 h 10 min"},"featured_img_caption":"","uagb_featured_image_src":{"full":false,"thumbnail":false,"medium":false,"medium_large":false,"large":false,"1536x1536":false,"2048x2048":false,"widget-thumb":false},"uagb_author_info":{"display_name":"adminFDjump","author_link":"https:\/\/jump-performance.com\/?author=1"},"uagb_comment_info":0,"uagb_excerpt":"Jump Performance est \u00e9galement sp\u00e9cialis\u00e9e dans la cr\u00e9ation et fabrication de vos supports communication d\u00e9di\u00e9s \u00e0 votre image et celle de vos partenaires. Pressbook &#8211; Flyers &#8211; Affiches &#8211; PLV &#8211; B\u00e2ches &#8211; Posters &#8211; Catalogue &#8211; Logo &#8211; Web &hellip; Lire la suite\u00ad\u00ad","_links":{"self":[{"href":"https:\/\/jump-performance.com\/index.php?rest_route=\/wp\/v2\/pages\/1773"}],"collection":[{"href":"https:\/\/jump-performance.com\/index.php?rest_route=\/wp\/v2\/pages"}],"about":[{"href":"https:\/\/jump-performance.com\/index.php?rest_route=\/wp\/v2\/types\/page"}],"author":[{"embeddable":true,"href":"https:\/\/jump-performance.com\/index.php?rest_route=\/wp\/v2\/users\/1"}],"replies":[{"embeddable":true,"href":"https:\/\/jump-performance.com\/index.php?rest_route=%2Fwp%2Fv2%2Fcomments&post=1773"}],"version-history":[{"count":23,"href":"https:\/\/jump-performance.com\/index.php?rest_route=\/wp\/v2\/pages\/1773\/revisions"}],"predecessor-version":[{"id":1797,"href":"https:\/\/jump-performance.com\/index.php?rest_route=\/wp\/v2\/pages\/1773\/revisions\/1797"}],"wp:attachment":[{"href":"https:\/\/jump-performance.com\/index.php?rest_route=%2Fwp%2Fv2%2Fmedia&parent=1773"}],"wp:term":[{"taxonomy":"category","embeddable":true,"href":"https:\/\/jump-performance.com\/index.php?rest_route=%2Fwp%2Fv2%2Fcategories&post=1773"},{"taxonomy":"post_tag","embeddable":true,"href":"https:\/\/jump-performance.com\/index.php?rest_route=%2Fwp%2Fv2%2Ftags&post=1773"}],"curies":[{"name":"wp","href":"https:\/\/api.w.org\/{rel}","templated":true}]}}