{"id":1903,"date":"2020-06-15T10:08:58","date_gmt":"2020-06-15T08:08:58","guid":{"rendered":"https:\/\/jump-performance.com\/?page_id=1903"},"modified":"2020-06-15T16:02:37","modified_gmt":"2020-06-15T14:02:37","slug":"accessoires","status":"publish","type":"page","link":"https:\/\/jump-performance.com\/?page_id=1903","title":{"rendered":"Accessoires"},"content":{"rendered":"\n<div class=\"wp-block-columns\">\n<div class=\"wp-block-column\" style=\"flex-basis:33.33%\">\n<figure class=\"wp-block-image size-medium\"><img loading=\"lazy\" width=\"300\" height=\"208\" src=\"https:\/\/jump-performance.com\/wp-content\/uploads\/2020\/05\/accessoires_grid_homec-300x208.jpg\" alt=\"\" class=\"wp-image-1586\" srcset=\"https:\/\/jump-performance.com\/wp-content\/uploads\/2020\/05\/accessoires_grid_homec-300x208.jpg 300w, https:\/\/jump-performance.com\/wp-content\/uploads\/2020\/05\/accessoires_grid_homec.jpg 373w\" sizes=\"(max-width: 300px) 100vw, 300px\" \/><\/figure>\n\n\n\n<p><\/p>\n<\/div>\n\n\n\n<div class=\"wp-block-column\" style=\"flex-basis:66.66%\">\n<div class=\"wp-block-uagb-advanced-heading uagb-block-414240f6-b128-4122-bb4b-9974133b1d4f\"><h4 class=\"uagb-heading-text\">Accessoires sportifs<\/h4><div class=\"uagb-separator-wrap\"><div class=\"uagb-separator\"><\/div><\/div><p class=\"uagb-desc-text\">Pour aller plus loin dans la passion du sport, <strong>Jump Performance<\/strong> propose \u00e9galement un large panel d&#8217;accessoires sportifs, dans toutes les disciplines.<br>Du textile aux accessoires d&#8217;entra\u00eenement, en passant par l&#8217;\u00e9quipement du staff, entra\u00eeneur, arbitre, etc, retrouvez chez <strong>Jump Performance<\/strong> tout ce dont vous avez besoin.<br>N&#8217;h\u00e9sitez pas \u00e0 nous contacter directement pour un devis complet. <br><strong>R\u00e9ponse imm\u00e9diate !<\/strong><br><br><strong>@ : contact@jump-performance.com  |  Tel : 09-87-32-40-28<\/strong><\/p><\/div>\n\n\n\n<p><\/p>\n<\/div>\n<\/div>\n\n\n\n<div class=\"wp-block-columns\">\n<div class=\"wp-block-column\" style=\"flex-basis:33.33%\">\n<div class=\"wp-block-uagb-advanced-heading uagb-block-9917812e-169d-4a4f-b224-8e3f3eb6630a\"><h4 class=\"uagb-heading-text\">Textiles<\/h4><div class=\"uagb-separator-wrap\"><div class=\"uagb-separator\"><\/div><\/div><p class=\"uagb-desc-text\">Avec <strong>Jump Performance<\/strong>, vous pouvez retrouver tout le textile sportif pour les membres d&#8217;un club, d&#8217;une association, etc.<br>Conservez ainsi une unit\u00e9 de couleur, et des v\u00eatements conformes aux entra\u00eenements.<\/p><\/div>\n<\/div>\n\n\n\n<div class=\"wp-block-column\" style=\"flex-basis:66.66%\">\n<figure class=\"wp-block-image size-full\"><img loading=\"lazy\" width=\"797\" height=\"258\" src=\"https:\/\/jump-performance.com\/wp-content\/uploads\/2020\/06\/accessoires_banner_textile.jpg\" alt=\"\" class=\"wp-image-1918\" srcset=\"https:\/\/jump-performance.com\/wp-content\/uploads\/2020\/06\/accessoires_banner_textile.jpg 797w, https:\/\/jump-performance.com\/wp-content\/uploads\/2020\/06\/accessoires_banner_textile-300x97.jpg 300w, https:\/\/jump-performance.com\/wp-content\/uploads\/2020\/06\/accessoires_banner_textile-768x249.jpg 768w\" sizes=\"(max-width: 797px) 100vw, 797px\" \/><\/figure>\n<\/div>\n<\/div>\n\n\n\n<div class=\"wp-block-columns\">\n<div class=\"wp-block-column\" style=\"flex-basis:66.66%\">\n<figure class=\"wp-block-image size-large\"><img loading=\"lazy\" width=\"797\" height=\"258\" src=\"https:\/\/jump-performance.com\/wp-content\/uploads\/2020\/06\/accessoires_banner_ballons.jpg\" alt=\"\" class=\"wp-image-1920\" srcset=\"https:\/\/jump-performance.com\/wp-content\/uploads\/2020\/06\/accessoires_banner_ballons.jpg 797w, https:\/\/jump-performance.com\/wp-content\/uploads\/2020\/06\/accessoires_banner_ballons-300x97.jpg 300w, https:\/\/jump-performance.com\/wp-content\/uploads\/2020\/06\/accessoires_banner_ballons-768x249.jpg 768w\" sizes=\"(max-width: 797px) 100vw, 797px\" \/><\/figure>\n<\/div>\n\n\n\n<div class=\"wp-block-column\" style=\"flex-basis:33.33%\">\n<div class=\"wp-block-uagb-advanced-heading uagb-block-a25d3117-1063-4dc7-a897-a92787378303\"><h4 class=\"uagb-heading-text\">Ballons<\/h4><div class=\"uagb-separator-wrap\"><div class=\"uagb-separator\"><\/div><\/div><p class=\"uagb-desc-text\">Pour une pratique r\u00e9guli\u00e8re ou des entra\u00eenements, on a toujours besoin de ballons performant, aussi bien au pied qu&#8217;\u00e0 la main !<br>Retrouvez les tous sports chez <strong>Jump Performance<\/strong>.<\/p><\/div>\n\n\n\n<p><\/p>\n<\/div>\n<\/div>\n\n\n\n<div class=\"wp-block-columns\">\n<div class=\"wp-block-column\" style=\"flex-basis:33.33%\">\n<div class=\"wp-block-uagb-advanced-heading uagb-block-8b7cd338-9755-44e5-923c-1fe0e2c45b01\"><h4 class=\"uagb-heading-text\">Staff\/Equipe<\/h4><div class=\"uagb-separator-wrap\"><div class=\"uagb-separator\"><\/div><\/div><p class=\"uagb-desc-text\">Besoin d&#8217;\u00e9quiper les membres du staff ou le capitaine de l&#8217;\u00e9quipe avec des accessoires sp\u00e9cifiques ? <strong>Jump Performance<\/strong> vous propose toutes sortes de sifflets, brassards, etc, pour identifier le staff de l&#8217;\u00e9quipe !<\/p><\/div>\n<\/div>\n\n\n\n<div class=\"wp-block-column\" style=\"flex-basis:66.66%\">\n<figure class=\"wp-block-image size-large\"><img loading=\"lazy\" width=\"797\" height=\"258\" src=\"https:\/\/jump-performance.com\/wp-content\/uploads\/2020\/06\/accessoires_banners_staff.jpg\" alt=\"\" class=\"wp-image-1924\" srcset=\"https:\/\/jump-performance.com\/wp-content\/uploads\/2020\/06\/accessoires_banners_staff.jpg 797w, https:\/\/jump-performance.com\/wp-content\/uploads\/2020\/06\/accessoires_banners_staff-300x97.jpg 300w, https:\/\/jump-performance.com\/wp-content\/uploads\/2020\/06\/accessoires_banners_staff-768x249.jpg 768w\" sizes=\"(max-width: 797px) 100vw, 797px\" \/><\/figure>\n<\/div>\n<\/div>\n\n\n\n<div class=\"wp-block-columns\">\n<div class=\"wp-block-column\" style=\"flex-basis:66.66%\">\n<figure class=\"wp-block-image size-large\"><img loading=\"lazy\" width=\"797\" height=\"258\" src=\"https:\/\/jump-performance.com\/wp-content\/uploads\/2020\/06\/accessoires_banner_training.jpg\" alt=\"\" class=\"wp-image-1922\" srcset=\"https:\/\/jump-performance.com\/wp-content\/uploads\/2020\/06\/accessoires_banner_training.jpg 797w, https:\/\/jump-performance.com\/wp-content\/uploads\/2020\/06\/accessoires_banner_training-300x97.jpg 300w, https:\/\/jump-performance.com\/wp-content\/uploads\/2020\/06\/accessoires_banner_training-768x249.jpg 768w\" sizes=\"(max-width: 797px) 100vw, 797px\" \/><\/figure>\n\n\n\n<p><\/p>\n<\/div>\n\n\n\n<div class=\"wp-block-column\" style=\"flex-basis:33.33%\">\n<div class=\"wp-block-uagb-advanced-heading uagb-block-d3b8516a-e5e7-4fe2-abe1-e69e64cb18fa\"><h4 class=\"uagb-heading-text\">Training<\/h4><div class=\"uagb-separator-wrap\"><div class=\"uagb-separator\"><\/div><\/div><p class=\"uagb-desc-text\"><strong>Jump Performance<\/strong> vous \u00e9quipe en accessoire et mat\u00e9riel de sport pour vos s\u00e9ances d\u2019entrainement terrain, renouveler vos \u00e9quipements sportifs ou animer vos cours de sport !<\/p><\/div>\n<\/div>\n<\/div>\n\n\n\n<div class=\"wp-block-columns\">\n<div class=\"wp-block-column\" style=\"flex-basis:33.33%\">\n<div class=\"wp-block-uagb-advanced-heading uagb-block-245eb71d-6488-4d7e-bb09-2976138507d0\"><h4 class=\"uagb-heading-text\">Divers<\/h4><div class=\"uagb-separator-wrap\"><div class=\"uagb-separator\"><\/div><\/div><p class=\"uagb-desc-text\">Retrouvez \u00e9galement chez <strong>Jump Performance<\/strong> tout un large panel d&#8217;accessoires divers, indispensables \u00e0 la bonne pratique sportive. Gourdes, sacs, parapluie, gonfleur, etc.. <br>N&#8217;h\u00e9sitez pas \u00e0 nous consulter quelle que soit votre demande !<\/p><\/div>\n\n\n\n<p><\/p>\n<\/div>\n\n\n\n<div class=\"wp-block-column\" style=\"flex-basis:66.66%\">\n<figure class=\"wp-block-image size-large\"><img loading=\"lazy\" width=\"797\" height=\"258\" src=\"https:\/\/jump-performance.com\/wp-content\/uploads\/2020\/06\/accessoires_banners_divers.jpg\" alt=\"\" class=\"wp-image-1927\" srcset=\"https:\/\/jump-performance.com\/wp-content\/uploads\/2020\/06\/accessoires_banners_divers.jpg 797w, https:\/\/jump-performance.com\/wp-content\/uploads\/2020\/06\/accessoires_banners_divers-300x97.jpg 300w, https:\/\/jump-performance.com\/wp-content\/uploads\/2020\/06\/accessoires_banners_divers-768x249.jpg 768w\" sizes=\"(max-width: 797px) 100vw, 797px\" \/><\/figure>\n<\/div>\n<\/div>\n\n\n\n<div class=\"wp-block-advgb-button aligncenter\"><a class=\"wp-block-advgb-button_link advgbbtn-fd70e9ce-b0dd-49b2-aedb-d157f9ddce25\" href=\"https:\/\/jump-performance.com\/?page_id=1598\" target=\"_blank\" rel=\"noopener noreferrer\">Demander un devis<\/a><\/div>\n\n\n\n<p><\/p>\n\n\n\n<p class=\"has-text-align-center has-medium-font-size\">ou contactez-nous par t\u00e9l\u00e9phone au\u00a0:<br><br><strong>09-87-32-40-28<\/strong><\/p>\n\n\n\n<div class=\"wp-block-kadence-rowlayout alignnone\"><div id=\"kt-layout-id_854609-b4\" class=\"kt-row-layout-inner kt-layout-id_854609-b4\"><div class=\"kt-row-column-wrap kt-has-1-columns kt-gutter-default kt-v-gutter-default kt-row-valign-top kt-row-layout-equal kt-tab-layout-inherit kt-m-colapse-left-to-right kt-mobile-layout-row\"><\/div><div class=\"kt-row-layout-bottom-sep kt-row-sep-type-crvi\"><svg style=\"fill:#ff0000\" viewbox=\"0 0 1000 100\" preserveaspectratio=\"none\"><path d=\"M1000,0c0,0 -270.987,98 -500,98c-229.013,0 -500,-98 -500,-98l0,100l1000,0l0,-100Z\"><\/path><\/svg><\/div><\/div><\/div>\n\n\n\n<p><\/p>\n<style class=\"advgb-styles-renderer\">.advgbbtn-fd70e9ce-b0dd-49b2-aedb-d157f9ddce25{font-size:18px;color:#eee !important;background-color:#183f73 !important;margin:0px 0px 0px 0px !important;padding:10px 30px 10px 30px;border-width:1px !important;border-color: !important;border-style:none;border-radius:50px !important;}.advgbbtn-fd70e9ce-b0dd-49b2-aedb-d157f9ddce25:hover{color: !important;background-color:#ff0000 !important;box-shadow:1px 1px 12px 0px #444;opacity:1;transition:all 0.2s ease;}#kt-layout-id_854609-b4 .kt-row-layout-bottom-sep{height:36px;}<\/style>","protected":false},"excerpt":{"rendered":"<p>ou contactez-nous par t\u00e9l\u00e9phone au\u00a0: 09-87-32-40-28<\/p>\n","protected":false},"author":1,"featured_media":0,"parent":0,"menu_order":0,"comment_status":"closed","ping_status":"closed","template":"","meta":{"advgb_blocks_editor_width":"","advgb_blocks_columns_visual_guide":"","kt_blocks_editor_width":""},"categories":[],"tags":[],"coauthors":[],"author_meta":{"author_link":"https:\/\/jump-performance.com\/?author=1","display_name":"adminFDjump"},"relative_dates":{"created":"Posted 6 ans ago","modified":"Updated 6 ans ago"},"absolute_dates":{"created":"Posted on 15 juin 2020","modified":"Updated on 15 juin 2020"},"absolute_dates_time":{"created":"Posted on 15 juin 2020 10 h 08 min","modified":"Updated on 15 juin 2020 16 h 02 min"},"featured_img_caption":"","uagb_featured_image_src":{"full":false,"thumbnail":false,"medium":false,"medium_large":false,"large":false,"1536x1536":false,"2048x2048":false,"widget-thumb":false},"uagb_author_info":{"display_name":"adminFDjump","author_link":"https:\/\/jump-performance.com\/?author=1"},"uagb_comment_info":0,"uagb_excerpt":"ou contactez-nous par t\u00e9l\u00e9phone au\u00a0: 09-87-32-40-28","_links":{"self":[{"href":"https:\/\/jump-performance.com\/index.php?rest_route=\/wp\/v2\/pages\/1903"}],"collection":[{"href":"https:\/\/jump-performance.com\/index.php?rest_route=\/wp\/v2\/pages"}],"about":[{"href":"https:\/\/jump-performance.com\/index.php?rest_route=\/wp\/v2\/types\/page"}],"author":[{"embeddable":true,"href":"https:\/\/jump-performance.com\/index.php?rest_route=\/wp\/v2\/users\/1"}],"replies":[{"embeddable":true,"href":"https:\/\/jump-performance.com\/index.php?rest_route=%2Fwp%2Fv2%2Fcomments&post=1903"}],"version-history":[{"count":32,"href":"https:\/\/jump-performance.com\/index.php?rest_route=\/wp\/v2\/pages\/1903\/revisions"}],"predecessor-version":[{"id":1958,"href":"https:\/\/jump-performance.com\/index.php?rest_route=\/wp\/v2\/pages\/1903\/revisions\/1958"}],"wp:attachment":[{"href":"https:\/\/jump-performance.com\/index.php?rest_route=%2Fwp%2Fv2%2Fmedia&parent=1903"}],"wp:term":[{"taxonomy":"category","embeddable":true,"href":"https:\/\/jump-performance.com\/index.php?rest_route=%2Fwp%2Fv2%2Fcategories&post=1903"},{"taxonomy":"post_tag","embeddable":true,"href":"https:\/\/jump-performance.com\/index.php?rest_route=%2Fwp%2Fv2%2Ftags&post=1903"}],"curies":[{"name":"wp","href":"https:\/\/api.w.org\/{rel}","templated":true}]}}