{"id":2039,"date":"2020-06-24T10:13:05","date_gmt":"2020-06-24T08:13:05","guid":{"rendered":"https:\/\/jump-performance.com\/?page_id=2039"},"modified":"2022-09-29T14:17:00","modified_gmt":"2022-09-29T12:17:00","slug":"a-propos","status":"publish","type":"page","link":"https:\/\/jump-performance.com\/?page_id=2039","title":{"rendered":"A Propos"},"content":{"rendered":"\n<div class=\"wp-block-columns\">\n<div class=\"wp-block-column\" style=\"flex-basis:33.33%\">\n<div class=\"wp-block-image\"><figure class=\"aligncenter size-large\"><img loading=\"lazy\" width=\"600\" height=\"600\" src=\"https:\/\/jump-performance.com\/wp-content\/uploads\/2020\/05\/perf_france2b.jpg\" alt=\"\" class=\"wp-image-1588\" srcset=\"https:\/\/jump-performance.com\/wp-content\/uploads\/2020\/05\/perf_france2b.jpg 600w, https:\/\/jump-performance.com\/wp-content\/uploads\/2020\/05\/perf_france2b-300x300.jpg 300w, https:\/\/jump-performance.com\/wp-content\/uploads\/2020\/05\/perf_france2b-150x150.jpg 150w\" sizes=\"(max-width: 600px) 100vw, 600px\" \/><figcaption><strong>Fabrication 100% fran\u00e7aise<\/strong><\/figcaption><\/figure><\/div>\n<\/div>\n\n\n\n<div class=\"wp-block-column\" style=\"flex-basis:66.66%\">\n<div class=\"wp-block-uagb-advanced-heading uagb-block-75dbfb59\"><h4 class=\"uagb-heading-text\">Qui sommes-nous ?<\/h4><div class=\"uagb-separator-wrap\"><div class=\"uagb-separator\"><\/div><\/div><p class=\"uagb-desc-text\"><strong>Jump Performance <\/strong>est une marque de textile sp\u00e9cialis\u00e9e dans la personnalisation, et la cr\u00e9ation de tenues d\u00e9di\u00e9s la pratique sportive.<br><strong>Football, Handball, Volley, Basket, Rugby, Athl\u00e9tisme, Cyclisme, BMX\/VTT<\/strong>, nous cr\u00e9ons vos tenues \u00e0 votre image.<br><br>Nous sommes \u00e9galement en mesure de cr\u00e9er des supports de communication d\u00e9di\u00e9s \u00e0 votre image et celle de vos partenaires.<br>Textile, PLV, B\u00e2ches, Pressbook, Flyers, Affiches, Posters, Catalogue, Accessoires, Communication, etc.<br><br>Notre \u00e9quipe graphique cr\u00e9e votre <strong>identit\u00e9 visuelle<\/strong> afin qu\u2019elle refl\u00e8te parfaitement les valeurs que vous souhaitez v\u00e9hiculer.<br>Nos r\u00e9alisations <strong>personnalis\u00e9es<\/strong> vous assurerons une excellente visibilit\u00e9 afin de donner une image professionnelle et structur\u00e9e \u00e0 votre team, club, association&#8230;<br><br>Notre savoir-faire nous permet d\u2019utiliser tous les leviers du <strong>marketing sportif<\/strong> pour cr\u00e9er de la valeur \u00e0 vos partenaires.<br>La qualit\u00e9 de notre communication avec la client\u00e8le s\u2019en trouve ainsi renforc\u00e9e mettant au premier plan le d\u00e9veloppement d\u2019une relation \u00e0 <strong>dimension humaine<\/strong>.<br><br>Vous \u00eates un <strong>particulier passionn\u00e9, un club de sport, une association<\/strong>, nous saurons cr\u00e9er vos <strong>maillots personnalis\u00e9s<\/strong>, ainsi que vos <strong>supports communications<\/strong>.<br>Quels que soient vos ambitions, vos besoins et vos objectifs, <strong>Jump Performance est \u00e0 votre service<\/strong>.<br><br>L&#8217;\u00e9quipe <strong>Jump Performance<\/strong>.<\/p><\/div>\n\n\n\n<p><\/p>\n<\/div>\n<\/div>\n\n\n\n<div class=\"wp-block-advgb-button aligncenter\"><a class=\"wp-block-advgb-button_link advgbbtn-e635ced2-961b-4cdf-8e77-9a4156165f47\" href=\"https:\/\/jump-performance.com\/?page_id=1598\" target=\"_blank\" rel=\"noopener noreferrer\">Nous contacter<\/a><\/div>\n\n\n\n<p><\/p>\n\n\n\n<p class=\"has-text-align-center has-medium-font-size\">ou contactez-nous par t\u00e9l\u00e9phone au\u00a0:<br><br><strong>09-83-84-61-56<\/strong><\/p>\n\n\n\n<div class=\"wp-block-kadence-rowlayout alignnone\"><div id=\"kt-layout-id_854609-b4\" class=\"kt-row-layout-inner kt-layout-id_854609-b4\"><div class=\"kt-row-column-wrap kt-has-1-columns kt-gutter-default kt-v-gutter-default kt-row-valign-top kt-row-layout-equal kt-tab-layout-inherit kt-m-colapse-left-to-right kt-mobile-layout-row\">\n<div class=\"wp-block-kadence-column inner-column-1 kadence-column_1a074b-aa\"><div class=\"kt-inside-inner-col\"><\/div><\/div>\n<\/div><div class=\"kt-row-layout-bottom-sep kt-row-sep-type-crvi\"><svg style=\"fill:#ff0000\" viewbox=\"0 0 1000 100\" preserveaspectratio=\"none\"><path d=\"M1000,0c0,0 -270.987,98 -500,98c-229.013,0 -500,-98 -500,-98l0,100l1000,0l0,-100Z\"><\/path><\/svg><\/div><\/div><\/div>\n\n\n\n<p><\/p>\n<style class=\"advgb-styles-renderer\">.advgbbtn-e635ced2-961b-4cdf-8e77-9a4156165f47{font-size:18px;color:#eee !important;background-color:#183f73 !important;margin:0px 0px 0px 0px !important;padding:10px 30px 10px 30px;border-width:1px !important;border-color: !important;border-style:none;border-radius:50px !important;}.advgbbtn-e635ced2-961b-4cdf-8e77-9a4156165f47:hover{color: !important;background-color:#ff0000 !important;box-shadow:1px 1px 12px 0px #444;opacity:1;transition:all 0.2s ease;}#kt-layout-id_854609-b4 .kt-row-layout-bottom-sep{height:36px;}<\/style>","protected":false},"excerpt":{"rendered":"<p>ou contactez-nous par t\u00e9l\u00e9phone au\u00a0: 09-83-84-61-56<\/p>\n","protected":false},"author":1,"featured_media":0,"parent":0,"menu_order":0,"comment_status":"closed","ping_status":"closed","template":"","meta":{"advgb_blocks_editor_width":"","advgb_blocks_columns_visual_guide":"","kt_blocks_editor_width":""},"categories":[],"tags":[],"coauthors":[],"author_meta":{"author_link":"https:\/\/jump-performance.com\/?author=1","display_name":"adminFDjump"},"relative_dates":{"created":"Posted 6 ans ago","modified":"Updated 4 ans ago"},"absolute_dates":{"created":"Posted on 24 juin 2020","modified":"Updated on 29 septembre 2022"},"absolute_dates_time":{"created":"Posted on 24 juin 2020 10 h 13 min","modified":"Updated on 29 septembre 2022 14 h 17 min"},"featured_img_caption":"","uagb_featured_image_src":{"full":false,"thumbnail":false,"medium":false,"medium_large":false,"large":false,"1536x1536":false,"2048x2048":false,"widget-thumb":false},"uagb_author_info":{"display_name":"adminFDjump","author_link":"https:\/\/jump-performance.com\/?author=1"},"uagb_comment_info":0,"uagb_excerpt":"ou contactez-nous par t\u00e9l\u00e9phone au\u00a0: 09-83-84-61-56","_links":{"self":[{"href":"https:\/\/jump-performance.com\/index.php?rest_route=\/wp\/v2\/pages\/2039"}],"collection":[{"href":"https:\/\/jump-performance.com\/index.php?rest_route=\/wp\/v2\/pages"}],"about":[{"href":"https:\/\/jump-performance.com\/index.php?rest_route=\/wp\/v2\/types\/page"}],"author":[{"embeddable":true,"href":"https:\/\/jump-performance.com\/index.php?rest_route=\/wp\/v2\/users\/1"}],"replies":[{"embeddable":true,"href":"https:\/\/jump-performance.com\/index.php?rest_route=%2Fwp%2Fv2%2Fcomments&post=2039"}],"version-history":[{"count":5,"href":"https:\/\/jump-performance.com\/index.php?rest_route=\/wp\/v2\/pages\/2039\/revisions"}],"predecessor-version":[{"id":20187,"href":"https:\/\/jump-performance.com\/index.php?rest_route=\/wp\/v2\/pages\/2039\/revisions\/20187"}],"wp:attachment":[{"href":"https:\/\/jump-performance.com\/index.php?rest_route=%2Fwp%2Fv2%2Fmedia&parent=2039"}],"wp:term":[{"taxonomy":"category","embeddable":true,"href":"https:\/\/jump-performance.com\/index.php?rest_route=%2Fwp%2Fv2%2Fcategories&post=2039"},{"taxonomy":"post_tag","embeddable":true,"href":"https:\/\/jump-performance.com\/index.php?rest_route=%2Fwp%2Fv2%2Ftags&post=2039"}],"curies":[{"name":"wp","href":"https:\/\/api.w.org\/{rel}","templated":true}]}}