{"id":2045,"date":"2020-06-24T10:30:24","date_gmt":"2020-06-24T08:30:24","guid":{"rendered":"https:\/\/jump-performance.com\/?page_id=2045"},"modified":"2020-06-24T10:34:52","modified_gmt":"2020-06-24T08:34:52","slug":"conditions-generales-de-vente","status":"publish","type":"page","link":"https:\/\/jump-performance.com\/?page_id=2045","title":{"rendered":"Conditions g\u00e9n\u00e9rales de vente"},"content":{"rendered":"\n<p><strong><u>Conditions G\u00e9n\u00e9rales de Ventes<\/u><\/strong><\/p>\n\n\n\n<p>Toute commande effectu\u00e9e sur la boutique en ligne du site\u00a0<strong><a href=\"https:\/\/jump-performance.com\/\" target=\"_blank\" rel=\"noreferrer noopener\">www.jump-performance.com<\/a><\/strong>\u00a0suppose l\u2019acceptation pr\u00e9alable des pr\u00e9sentes conditions g\u00e9n\u00e9rales de ventes.<\/p>\n\n\n\n<p>Dans ce cadre, la\u00a0signature manuscrite de ce document par le client n&#8217;est pas n\u00e9cessaire. Chaque achat du client, suppose qu&#8217;il est inform\u00e9 des conditions g\u00e9n\u00e9rales de ventes (CGV) en vigueur sur le site\u00a0<a rel=\"noreferrer noopener\" href=\"http:\/\/www.jump-industries.com\/\" target=\"_blank\"><\/a><strong><strong><a href=\"https:\/\/jump-performance.com\/\" target=\"_blank\" rel=\"noreferrer noopener\">www.jump-performance.com<\/a><\/strong><\/strong><\/p>\n\n\n\n<p><strong>1-Acceptation<\/strong><\/p>\n\n\n\n<p>L\u2019acceptation du panier \u00e9quivaut \u00e0 l\u2019acceptation des conditions g\u00e9n\u00e9rales de vente.<\/p>\n\n\n\n<p>Les informations seront conserv\u00e9es comme preuve dans les syst\u00e8mes informatiques de la soci\u00e9t\u00e9 <strong>Jump Performance.<\/strong><\/p>\n\n\n\n<p><strong>2-Paiement<\/strong><\/p>\n\n\n\n<p>Pour r\u00e9gler sa commande, le client dispose, de diff\u00e9rents choix Carte Bancaire via paypal, ch\u00e8que ou virement bancaire.<br>La soci\u00e9t\u00e9 <strong>Jump <strong>Performance<\/strong>.<\/strong> se r\u00e9serve le droit de suspendre toute commande en cas de refus d&#8217;autorisation de paiement ou en cas de non-paiement.<\/p>\n\n\n\n<p>En cas de r\u00e8glement par virement bancaire ou ch\u00e8que, la commande sera valid\u00e9e et exp\u00e9di\u00e9e qu&#8217;apr\u00e8s encaissement du montant d\u00fb.<\/p>\n\n\n\n<p>Les ch\u00e8ques sans provision pourront faire l\u2019objet de poursuites de notre part \u00e0 l\u2019encontre du client.<\/p>\n\n\n\n<p><strong>3-Prix<\/strong><\/p>\n\n\n\n<p>Les prix sont indiqu\u00e9s en euros (\u20ac) et ne tiennent pas compte des frais de livraison variables (sauf mentions contraires).<\/p>\n\n\n\n<p>Les prix indiqu\u00e9s sont TTC (Toutes Taxes Comprises), et la soci\u00e9t\u00e9 <strong>Jump <strong>Performance<\/strong><\/strong> se r\u00e9serve le droit de modifier ses prix de vente \u00e0 tout moment. N\u00e9anmoins, aucune modification post\u00e9rieure \u00e0 la prise de commande ne pourra \u00eatre appliqu\u00e9e.Le paiement de la totalit\u00e9 du prix doit \u00eatre r\u00e9alis\u00e9 lors de la commande.<\/p>\n\n\n\n<p><strong>4-Produits<\/strong><\/p>\n\n\n\n<p>Nous proposons deux types de produits \u00e0 la vente, les produits personnalis\u00e9s et les produits non personnalis\u00e9s.<\/p>\n\n\n\n<p>Produits personnalis\u00e9s&nbsp;: Les produits pr\u00e9sent\u00e9s sur le site sont disponibles et seront produit apr\u00e8s cr\u00e9ation et validation de la maquette par le client.<\/p>\n\n\n\n<p>Produits non personnalis\u00e9s&nbsp;: Les produits non personnalis\u00e9s sont en quantit\u00e9 limit\u00e9e et seront remplac\u00e9s ou non par de nouveaux mod\u00e8les.<\/p>\n\n\n\n<p>Les textes et les photographies illustrant les produits n&#8217;entrent pas dans le champ contractuel. En tout \u00e9tat de cause, la responsabilit\u00e9 de\u00a0<strong>Jump <strong>Performance<\/strong><\/strong> ne pourra \u00eatre engag\u00e9e du fait d&#8217;\u00e9ventuels changements ou erreurs concernant la description des caract\u00e9ristiques du produit achet\u00e9. La validit\u00e9 de la vente ne sera pas affect\u00e9e. Les couleurs visibles sur votre \u00e9cran ne sont pas identiques et peuvent \u00eatre diff\u00e9rentes de celles affich\u00e9es sur les produits imprim\u00e9s.<\/p>\n\n\n\n<p><strong>5-Droits d\u2019auteurs<\/strong><\/p>\n\n\n\n<p>L&#8217;utilisation d&#8217;un logo par <strong>Jump <strong>Performance<\/strong><\/strong> suppose que son propri\u00e9taire vous y autorise, et l\u2019utilisation sans autorisation du propri\u00e9taire est sous votre enti\u00e8re responsabilit\u00e9. Les photos propos\u00e9es sur le site sont des exemples, et si vous en avez la propri\u00e9t\u00e9 et ne souhaitez pas le voir sur notre site, vous pouvez nous contacter (<strong><a rel=\"noreferrer noopener\" href=\"mailto:contact@jump-performance.com\" target=\"_blank\">contact@<strong><a rel=\"noreferrer noopener\" href=\"https:\/\/jump-performance.com\/\" target=\"_blank\">jump-performance.com<\/a><\/strong><\/a><\/strong>) afin de le retirer. Toutes reproductions ou copies de nos mod\u00e8les, donnera lieu \u00e0 une plainte de la soci\u00e9t\u00e9 \u00e0 votre encontre afin de nous prot\u00e9ger.<\/p>\n\n\n\n<p><strong>6-Propri\u00e9t\u00e9 :<\/strong><\/p>\n\n\n\n<p>Le site Internet a \u00e9t\u00e9 cr\u00e9\u00e9 par la soci\u00e9t\u00e9 <strong>Jump <strong><strong>Performance<\/strong><\/strong><\/strong> qui est titulaire de l&#8217;ensemble des droits de propri\u00e9t\u00e9 s&#8217;y rapportant, le Client \u00e0 l\u2019interdiction de copier le contenu sauf autorisation pr\u00e9alable de notre part.<\/p>\n\n\n\n<p><strong>7-Responsabilit\u00e9s<\/strong><\/p>\n\n\n\n<p>Le client est responsable des informations fournies lors de sa commande concernant son identit\u00e9, ses coordonn\u00e9es, son e-mail\u2026 Toute erreur du client sur ses informations ne pourra \u00eatre de la responsabilit\u00e9 de <strong>Jump <strong><strong>Performance<\/strong><\/strong>.<\/strong><\/p>\n\n\n\n<p><strong>8- Droit de r\u00e9tractation&nbsp;<\/strong><\/p>\n\n\n\n<p>Le droit de r\u00e9tractation ne pourra pas \u00eatre possible en application de l\u2019article L121-20-2 pour les produits personnalis\u00e9s \u00e0 la demande du client.<\/p>\n\n\n\n<p>Concernant les produits non personnalis\u00e9s, le client dispose d&#8217;un d\u00e9lai de 10 jours calendaires pour retourner \u00e0 ses frais, le ou les produits. Ce d\u00e9lai est \u00e0 compter du jour de la livraison de la commande du client.<\/p>\n\n\n\n<p>Avant de renvoyer le ou les produits non personnalis\u00e9s, le client devra pr\u00e9venir la soci\u00e9t\u00e9 par mail \u00e0 l\u2019adresse suivante\u00a0: <strong><a href=\"mailto:contact@jump-performance.com\" target=\"_blank\" rel=\"noreferrer noopener\"><strong><a rel=\"noreferrer noopener\" href=\"mailto:contact@jump-performance.com\" target=\"_blank\">contact@<\/a><strong><a rel=\"noreferrer noopener\" href=\"https:\/\/jump-performance.com\/\" target=\"_blank\">jump-performance.com<\/a><\/strong><\/strong><\/a><\/strong>.<\/p>\n\n\n\n<p>Seuls seront repris les produits renvoy\u00e9s dans leur ensemble, dans leur emballage d&#8217;origine complet et intact, et en parfait \u00e9tat de revente. Tout produit qui aura \u00e9t\u00e9 ab\u00eem\u00e9, ou dont l&#8217;emballage d&#8217;origine aura \u00e9t\u00e9 d\u00e9t\u00e9rior\u00e9, ne sera ni rembours\u00e9, ni \u00e9chang\u00e9.<\/p>\n\n\n\n<p><strong>9-Livraison<\/strong><\/p>\n\n\n\n<p>Les produits sont livr\u00e9s \u00e0 l&#8217;adresse indiqu\u00e9e sur le bon de livraison.<\/p>\n\n\n\n<p>En cas de colis d\u00e9grad\u00e9, vous devez le refuser. Tout colis accept\u00e9 ne pourra \u00eatre de la faute de <strong>Jump <strong><strong>Performance<\/strong><\/strong>.<\/strong><\/p>\n\n\n\n<p>Nous ne sommes pas responsables des vols, retards ou pertes des articles exp\u00e9di\u00e9s.<\/p>\n\n\n\n<p>En cas de probl\u00e8me, n&#8217;h\u00e9sitez pas \u00e0 nous contacter par mail (<strong><a href=\"mailto:contact@jump-performance.com\" target=\"_blank\" rel=\"noreferrer noopener\"><strong><a rel=\"noreferrer noopener\" href=\"mailto:contact@jump-performance.com\" target=\"_blank\">contact@<\/a><strong><a rel=\"noreferrer noopener\" href=\"https:\/\/jump-performance.com\/\" target=\"_blank\">jump-performance.com<\/a><\/strong><\/strong><\/a><\/strong>).<\/p>\n\n\n\n<p><strong>10- Litiges<\/strong><\/p>\n\n\n\n<p>Toute commande pass\u00e9e par l&#8217;interm\u00e9diaire de notre site emporte l&#8217;adh\u00e9sion du client, et ce sans aucune restriction, aux Conditions G\u00e9n\u00e9rales de Vente de <strong>Jump <strong><strong>Performance<\/strong><\/strong>.<\/strong><\/p>\n\n\n\n<p><strong>Propri\u00e9t\u00e9 Intellectuelle :<\/strong><\/p>\n\n\n\n<p>La soci\u00e9t\u00e9 <strong>Jump\u00a0<strong><strong>Performance<\/strong><\/strong><\/strong> et ses partenaires sont titulaires de l&#8217;ensemble des droits de propri\u00e9t\u00e9 intellectuelle s&#8217;y rapportant. Toute reproduction, repr\u00e9sentation, utilisation ou modification, par quelque proc\u00e9d\u00e9 que ce soit et sur quelque support que ce soit, de tout ou partie du site, de tout ou partie des diff\u00e9rentes photos de produits, marques, logos, iconographies, qui le composent, sans avoir obtenu l&#8217;autorisation expresse pr\u00e9alable de la soci\u00e9t\u00e9 Jump-performance, est interdite et sera consid\u00e9r\u00e9e comme un d\u00e9lit de contrefa\u00e7on.<\/p>\n","protected":false},"excerpt":{"rendered":"<p>Conditions G\u00e9n\u00e9rales de Ventes Toute commande effectu\u00e9e sur la boutique en ligne du site\u00a0www.jump-performance.com\u00a0suppose l\u2019acceptation pr\u00e9alable des pr\u00e9sentes conditions g\u00e9n\u00e9rales de ventes. Dans ce cadre, la\u00a0signature manuscrite de ce document par le client n&#8217;est pas n\u00e9cessaire. Chaque achat du client, &hellip; <a href=\"https:\/\/jump-performance.com\/?page_id=2045\">Lire la suite\u00ad\u00ad<\/a><\/p>\n","protected":false},"author":1,"featured_media":0,"parent":0,"menu_order":0,"comment_status":"closed","ping_status":"closed","template":"","meta":{"advgb_blocks_editor_width":"","advgb_blocks_columns_visual_guide":"","kt_blocks_editor_width":""},"categories":[],"tags":[],"coauthors":[],"author_meta":{"author_link":"https:\/\/jump-performance.com\/?author=1","display_name":"adminFDjump"},"relative_dates":{"created":"Posted 6 ans ago","modified":"Updated 6 ans ago"},"absolute_dates":{"created":"Posted on 24 juin 2020","modified":"Updated on 24 juin 2020"},"absolute_dates_time":{"created":"Posted on 24 juin 2020 10 h 30 min","modified":"Updated on 24 juin 2020 10 h 34 min"},"featured_img_caption":"","uagb_featured_image_src":{"full":false,"thumbnail":false,"medium":false,"medium_large":false,"large":false,"1536x1536":false,"2048x2048":false,"widget-thumb":false},"uagb_author_info":{"display_name":"adminFDjump","author_link":"https:\/\/jump-performance.com\/?author=1"},"uagb_comment_info":0,"uagb_excerpt":"Conditions G\u00e9n\u00e9rales de Ventes Toute commande effectu\u00e9e sur la boutique en ligne du site\u00a0www.jump-performance.com\u00a0suppose l\u2019acceptation pr\u00e9alable des pr\u00e9sentes conditions g\u00e9n\u00e9rales de ventes. Dans ce cadre, la\u00a0signature manuscrite de ce document par le client n&#8217;est pas n\u00e9cessaire. Chaque achat du client, &hellip; Lire la suite\u00ad\u00ad","_links":{"self":[{"href":"https:\/\/jump-performance.com\/index.php?rest_route=\/wp\/v2\/pages\/2045"}],"collection":[{"href":"https:\/\/jump-performance.com\/index.php?rest_route=\/wp\/v2\/pages"}],"about":[{"href":"https:\/\/jump-performance.com\/index.php?rest_route=\/wp\/v2\/types\/page"}],"author":[{"embeddable":true,"href":"https:\/\/jump-performance.com\/index.php?rest_route=\/wp\/v2\/users\/1"}],"replies":[{"embeddable":true,"href":"https:\/\/jump-performance.com\/index.php?rest_route=%2Fwp%2Fv2%2Fcomments&post=2045"}],"version-history":[{"count":2,"href":"https:\/\/jump-performance.com\/index.php?rest_route=\/wp\/v2\/pages\/2045\/revisions"}],"predecessor-version":[{"id":2047,"href":"https:\/\/jump-performance.com\/index.php?rest_route=\/wp\/v2\/pages\/2045\/revisions\/2047"}],"wp:attachment":[{"href":"https:\/\/jump-performance.com\/index.php?rest_route=%2Fwp%2Fv2%2Fmedia&parent=2045"}],"wp:term":[{"taxonomy":"category","embeddable":true,"href":"https:\/\/jump-performance.com\/index.php?rest_route=%2Fwp%2Fv2%2Fcategories&post=2045"},{"taxonomy":"post_tag","embeddable":true,"href":"https:\/\/jump-performance.com\/index.php?rest_route=%2Fwp%2Fv2%2Ftags&post=2045"}],"curies":[{"name":"wp","href":"https:\/\/api.w.org\/{rel}","templated":true}]}}