{"id":2048,"date":"2020-06-24T10:36:59","date_gmt":"2020-06-24T08:36:59","guid":{"rendered":"https:\/\/jump-performance.com\/?page_id=2048"},"modified":"2020-06-24T10:37:18","modified_gmt":"2020-06-24T08:37:18","slug":"mentions-legales","status":"publish","type":"page","link":"https:\/\/jump-performance.com\/?page_id=2048","title":{"rendered":"Mentions l\u00e9gales"},"content":{"rendered":"\n<p><em><strong><u>Propri\u00e9taire responsable et \u00e9diteur:<\/u><\/strong><\/em><\/p>\n\n\n\n<p>Jump Performance<br>Tel: 09-87-32-40-28<br>Mail: contact@jump-performance.com<\/p>\n\n\n\n<p><em><strong><u>H\u00e9bergement:<\/u><\/strong><\/em><\/p>\n\n\n\n<p>Raison sociale : OVH<br>Si\u00e8ge social : 3 rue des pins &#8211; 38100 GRENOBLE &#8211; France<br>N\u00b0 SIRET 443710785 00017<\/p>\n\n\n\n<p><em><strong><u>Activit\u00e9 :<\/u><\/strong><\/em><\/p>\n\n\n\n<p>Cr\u00e9ation de maquettes et personnalisation de textiles, arches, oriflammes, supports de communication tels qu&#8217;affiches, flyers, posters, b\u00e2ches, accessoires, etc.<\/p>\n","protected":false},"excerpt":{"rendered":"<p>Propri\u00e9taire responsable et \u00e9diteur: Jump PerformanceTel: 09-87-32-40-28Mail: contact@jump-performance.com H\u00e9bergement: Raison sociale : OVHSi\u00e8ge social : 3 rue des pins &#8211; 38100 GRENOBLE &#8211; FranceN\u00b0 SIRET 443710785 00017 Activit\u00e9 : Cr\u00e9ation de maquettes et personnalisation de textiles, arches, oriflammes, supports de &hellip; <a href=\"https:\/\/jump-performance.com\/?page_id=2048\">Lire la suite\u00ad\u00ad<\/a><\/p>\n","protected":false},"author":1,"featured_media":0,"parent":0,"menu_order":0,"comment_status":"closed","ping_status":"closed","template":"","meta":{"advgb_blocks_editor_width":"","advgb_blocks_columns_visual_guide":"","kt_blocks_editor_width":""},"categories":[],"tags":[],"coauthors":[],"author_meta":{"author_link":"https:\/\/jump-performance.com\/?author=1","display_name":"adminFDjump"},"relative_dates":{"created":"Posted 6 ans ago","modified":"Updated 6 ans ago"},"absolute_dates":{"created":"Posted on 24 juin 2020","modified":"Updated on 24 juin 2020"},"absolute_dates_time":{"created":"Posted on 24 juin 2020 10 h 36 min","modified":"Updated on 24 juin 2020 10 h 37 min"},"featured_img_caption":"","uagb_featured_image_src":{"full":false,"thumbnail":false,"medium":false,"medium_large":false,"large":false,"1536x1536":false,"2048x2048":false,"widget-thumb":false},"uagb_author_info":{"display_name":"adminFDjump","author_link":"https:\/\/jump-performance.com\/?author=1"},"uagb_comment_info":0,"uagb_excerpt":"Propri\u00e9taire responsable et \u00e9diteur: Jump PerformanceTel: 09-87-32-40-28Mail: contact@jump-performance.com H\u00e9bergement: Raison sociale : OVHSi\u00e8ge social : 3 rue des pins &#8211; 38100 GRENOBLE &#8211; FranceN\u00b0 SIRET 443710785 00017 Activit\u00e9 : Cr\u00e9ation de maquettes et personnalisation de textiles, arches, oriflammes, supports de &hellip; Lire la suite\u00ad\u00ad","_links":{"self":[{"href":"https:\/\/jump-performance.com\/index.php?rest_route=\/wp\/v2\/pages\/2048"}],"collection":[{"href":"https:\/\/jump-performance.com\/index.php?rest_route=\/wp\/v2\/pages"}],"about":[{"href":"https:\/\/jump-performance.com\/index.php?rest_route=\/wp\/v2\/types\/page"}],"author":[{"embeddable":true,"href":"https:\/\/jump-performance.com\/index.php?rest_route=\/wp\/v2\/users\/1"}],"replies":[{"embeddable":true,"href":"https:\/\/jump-performance.com\/index.php?rest_route=%2Fwp%2Fv2%2Fcomments&post=2048"}],"version-history":[{"count":1,"href":"https:\/\/jump-performance.com\/index.php?rest_route=\/wp\/v2\/pages\/2048\/revisions"}],"predecessor-version":[{"id":2049,"href":"https:\/\/jump-performance.com\/index.php?rest_route=\/wp\/v2\/pages\/2048\/revisions\/2049"}],"wp:attachment":[{"href":"https:\/\/jump-performance.com\/index.php?rest_route=%2Fwp%2Fv2%2Fmedia&parent=2048"}],"wp:term":[{"taxonomy":"category","embeddable":true,"href":"https:\/\/jump-performance.com\/index.php?rest_route=%2Fwp%2Fv2%2Fcategories&post=2048"},{"taxonomy":"post_tag","embeddable":true,"href":"https:\/\/jump-performance.com\/index.php?rest_route=%2Fwp%2Fv2%2Ftags&post=2048"}],"curies":[{"name":"wp","href":"https:\/\/api.w.org\/{rel}","templated":true}]}}