{"id":422,"date":"2019-10-23T15:30:24","date_gmt":"2019-10-23T13:30:24","guid":{"rendered":"https:\/\/jump-performance.com\/?page_id=422"},"modified":"2019-11-12T12:56:13","modified_gmt":"2019-11-12T11:56:13","slug":"football","status":"publish","type":"page","link":"https:\/\/jump-performance.com\/?page_id=422","title":{"rendered":"Football"},"content":{"rendered":"\n<figure class=\"wp-block-image alignwide\"><img loading=\"lazy\" width=\"1598\" height=\"236\" src=\"https:\/\/jump-performance.com\/wp-content\/uploads\/2019\/10\/header_foot7.jpg\" alt=\"\" class=\"wp-image-499\" srcset=\"https:\/\/jump-performance.com\/wp-content\/uploads\/2019\/10\/header_foot7.jpg 1598w, https:\/\/jump-performance.com\/wp-content\/uploads\/2019\/10\/header_foot7-300x44.jpg 300w, https:\/\/jump-performance.com\/wp-content\/uploads\/2019\/10\/header_foot7-768x113.jpg 768w, https:\/\/jump-performance.com\/wp-content\/uploads\/2019\/10\/header_foot7-1024x151.jpg 1024w\" sizes=\"(max-width: 1598px) 100vw, 1598px\" \/><\/figure>\n\n\n\n<p style=\"text-align:center\" class=\"has-medium-font-size\">D\u00e9couvrez nos collections de maillots et short de football sublim\u00e9s, \u00e0 travers nos 2 gammes <strong>STARTER <\/strong>et <strong>PERFORMANCE  <\/strong>adapt\u00e9es \u00e0 vos besoins.<\/p>\n\n\n\n<div class=\"wp-block-kadence-spacer aligncenter kt-block-spacer-_8ecbb6-50\"><div class=\"kt-block-spacer kt-block-spacer-halign-center\" style=\"height:60px\"><hr class=\"kt-divider\" style=\"border-top-color:rgba(255, 0, 0, 1);border-top-width:1px;width:80%;border-top-style:solid\"\/><\/div><\/div>\n\n\n\n<p class=\"has-medium-font-size\"><strong>MAILLOTS STARTER HOMME<\/strong><\/p>\n\n\n\n<div class=\"wp-block-columns has-4-columns\">\n<div class=\"wp-block-column\">\n<figure class=\"wp-block-image img-grid\"><a class=\"\" href=\"https:\/\/jump-performance.com\/?page_id=127\"><img loading=\"lazy\" width=\"827\" height=\"1024\" src=\"https:\/\/jump-performance.com\/wp-content\/uploads\/2019\/10\/starter_homme_face-827x1024.jpg\" alt=\"maillot sport football personnalise jump performance\" class=\"wp-image-375\" srcset=\"https:\/\/jump-performance.com\/wp-content\/uploads\/2019\/10\/starter_homme_face-827x1024.jpg 827w, https:\/\/jump-performance.com\/wp-content\/uploads\/2019\/10\/starter_homme_face-242x300.jpg 242w, https:\/\/jump-performance.com\/wp-content\/uploads\/2019\/10\/starter_homme_face-768x951.jpg 768w, https:\/\/jump-performance.com\/wp-content\/uploads\/2019\/10\/starter_homme_face.jpg 1050w\" sizes=\"(max-width: 827px) 100vw, 827px\" \/><\/a><figcaption>Maillot Foot Starter Homme<\/figcaption><\/figure>\n\n\n\n<p style=\"text-align:center\"><strong><a href=\"https:\/\/jump-performance.com\/?page_id=127\">Maillot Starter Homme MCM<\/a><\/strong><\/p>\n<\/div>\n\n\n\n<div class=\"wp-block-column\">\n<figure class=\"wp-block-image img-grid\"><a href=\"https:\/\/jump-performance.com\/?page_id=414\"><img loading=\"lazy\" width=\"827\" height=\"1024\" src=\"https:\/\/jump-performance.com\/wp-content\/uploads\/2019\/10\/starter_homme_MCR_face-827x1024.jpg\" alt=\"maillot sport football personnalise jump performance\" class=\"wp-image-416\" srcset=\"https:\/\/jump-performance.com\/wp-content\/uploads\/2019\/10\/starter_homme_MCR_face-827x1024.jpg 827w, https:\/\/jump-performance.com\/wp-content\/uploads\/2019\/10\/starter_homme_MCR_face-242x300.jpg 242w, https:\/\/jump-performance.com\/wp-content\/uploads\/2019\/10\/starter_homme_MCR_face-768x951.jpg 768w, https:\/\/jump-performance.com\/wp-content\/uploads\/2019\/10\/starter_homme_MCR_face.jpg 1050w\" sizes=\"(max-width: 827px) 100vw, 827px\" \/><\/a><figcaption>Maillot Foot Starter Homme<\/figcaption><\/figure>\n\n\n\n<p style=\"text-align:center\"><strong><a href=\"https:\/\/jump-performance.com\/?page_id=414\">Maillot Starter Homme MCR<\/a><\/strong><\/p>\n<\/div>\n\n\n\n<div class=\"wp-block-column\">\n<figure class=\"wp-block-image img-grid\"><a href=\"https:\/\/jump-performance.com\/?page_id=445\"><img loading=\"lazy\" width=\"827\" height=\"1024\" src=\"https:\/\/jump-performance.com\/wp-content\/uploads\/2019\/10\/starter_homme_face_MLM_v-827x1024.jpg\" alt=\"maillot sport football personnalise jump performance\" class=\"wp-image-449\" srcset=\"https:\/\/jump-performance.com\/wp-content\/uploads\/2019\/10\/starter_homme_face_MLM_v-827x1024.jpg 827w, https:\/\/jump-performance.com\/wp-content\/uploads\/2019\/10\/starter_homme_face_MLM_v-242x300.jpg 242w, https:\/\/jump-performance.com\/wp-content\/uploads\/2019\/10\/starter_homme_face_MLM_v-768x951.jpg 768w, https:\/\/jump-performance.com\/wp-content\/uploads\/2019\/10\/starter_homme_face_MLM_v.jpg 1050w\" sizes=\"(max-width: 827px) 100vw, 827px\" \/><\/a><figcaption>Maillot Foot Starter Homme<\/figcaption><\/figure>\n\n\n\n<p style=\"text-align:center\"><strong><a href=\"https:\/\/jump-performance.com\/?page_id=445\">Maillot Starter Homme MLM<\/a><\/strong><\/p>\n<\/div>\n\n\n\n<div class=\"wp-block-column\">\n<figure class=\"wp-block-image img-grid\"><a href=\"https:\/\/jump-performance.com\/?page_id=458\"><img loading=\"lazy\" width=\"827\" height=\"1024\" src=\"https:\/\/jump-performance.com\/wp-content\/uploads\/2019\/10\/starter_homme_face_MLR-827x1024.jpg\" alt=\"maillot sport football personnalise jump performance\" class=\"wp-image-461\" srcset=\"https:\/\/jump-performance.com\/wp-content\/uploads\/2019\/10\/starter_homme_face_MLR-827x1024.jpg 827w, https:\/\/jump-performance.com\/wp-content\/uploads\/2019\/10\/starter_homme_face_MLR-242x300.jpg 242w, https:\/\/jump-performance.com\/wp-content\/uploads\/2019\/10\/starter_homme_face_MLR-768x951.jpg 768w, https:\/\/jump-performance.com\/wp-content\/uploads\/2019\/10\/starter_homme_face_MLR.jpg 1050w\" sizes=\"(max-width: 827px) 100vw, 827px\" \/><\/a><figcaption>Maillot Foot Starter Homme<\/figcaption><\/figure>\n\n\n\n<p style=\"text-align:center\"><strong><a href=\"https:\/\/jump-performance.com\/?page_id=458\">Maillot Starter Homme MLR<\/a><\/strong><\/p>\n<\/div>\n<\/div>\n\n\n\n<div class=\"wp-block-columns has-4-columns\">\n<div class=\"wp-block-column\">\n<figure class=\"wp-block-image img-grid\"><a class=\"\" href=\"https:\/\/jump-performance.com\/?page_id=509\"><img loading=\"lazy\" width=\"827\" height=\"1024\" src=\"https:\/\/jump-performance.com\/wp-content\/uploads\/2019\/11\/Maillot-goal-starterH-MLM-827x1024.jpg\" alt=\"maillot sport football personnalise jump performance\" class=\"wp-image-510\" srcset=\"https:\/\/jump-performance.com\/wp-content\/uploads\/2019\/11\/Maillot-goal-starterH-MLM-827x1024.jpg 827w, https:\/\/jump-performance.com\/wp-content\/uploads\/2019\/11\/Maillot-goal-starterH-MLM-242x300.jpg 242w, https:\/\/jump-performance.com\/wp-content\/uploads\/2019\/11\/Maillot-goal-starterH-MLM-768x951.jpg 768w, https:\/\/jump-performance.com\/wp-content\/uploads\/2019\/11\/Maillot-goal-starterH-MLM.jpg 1050w\" sizes=\"(max-width: 827px) 100vw, 827px\" \/><\/a><figcaption>Maillot Foot Starter Homme &#8211; Goal<\/figcaption><\/figure>\n\n\n\n<p style=\"text-align:center\"><strong><a href=\"https:\/\/jump-performance.com\/?page_id=509\">Maillot Starter Homme Goal  MLM<\/a><\/strong><\/p>\n<\/div>\n\n\n\n<div class=\"wp-block-column\">\n<figure class=\"wp-block-image img-grid\"><a href=\"https:\/\/jump-performance.com\/?page_id=518\"><img loading=\"lazy\" width=\"827\" height=\"1024\" src=\"https:\/\/jump-performance.com\/wp-content\/uploads\/2019\/11\/Short_starterH-827x1024.jpg\" alt=\"short sport football personnalise jump performance\" class=\"wp-image-519\" srcset=\"https:\/\/jump-performance.com\/wp-content\/uploads\/2019\/11\/Short_starterH-827x1024.jpg 827w, https:\/\/jump-performance.com\/wp-content\/uploads\/2019\/11\/Short_starterH-242x300.jpg 242w, https:\/\/jump-performance.com\/wp-content\/uploads\/2019\/11\/Short_starterH-768x951.jpg 768w, https:\/\/jump-performance.com\/wp-content\/uploads\/2019\/11\/Short_starterH.jpg 1050w\" sizes=\"(max-width: 827px) 100vw, 827px\" \/><\/a><figcaption>Short Foot Starter Homme<\/figcaption><\/figure>\n\n\n\n<p style=\"text-align:center\"><strong><a href=\"https:\/\/jump-performance.com\/?page_id=518\">Short Starter Homme<\/a><\/strong><\/p>\n<\/div>\n\n\n\n<div class=\"wp-block-column\">\n<figure class=\"wp-block-image img-grid\"><a href=\"https:\/\/jump-performance.com\/?page_id=533\"><img loading=\"lazy\" width=\"827\" height=\"1024\" src=\"https:\/\/jump-performance.com\/wp-content\/uploads\/2019\/11\/Short_starterH_goal-827x1024.jpg\" alt=\"short sport football personnalise jump performance\" class=\"wp-image-534\" srcset=\"https:\/\/jump-performance.com\/wp-content\/uploads\/2019\/11\/Short_starterH_goal-827x1024.jpg 827w, https:\/\/jump-performance.com\/wp-content\/uploads\/2019\/11\/Short_starterH_goal-242x300.jpg 242w, https:\/\/jump-performance.com\/wp-content\/uploads\/2019\/11\/Short_starterH_goal-768x951.jpg 768w, https:\/\/jump-performance.com\/wp-content\/uploads\/2019\/11\/Short_starterH_goal.jpg 1050w\" sizes=\"(max-width: 827px) 100vw, 827px\" \/><\/a><figcaption> Short Foot Starter Homme &#8211; Goal<\/figcaption><\/figure>\n\n\n\n<p style=\"text-align:center\"><strong><a href=\"https:\/\/jump-performance.com\/?page_id=533\">Short Starter Homme Goal<\/a><\/strong><\/p>\n<\/div>\n\n\n\n<div class=\"wp-block-column\"><\/div>\n<\/div>\n\n\n\n<div class=\"wp-block-kadence-spacer aligncenter kt-block-spacer-_249fd5-b4\"><div class=\"kt-block-spacer kt-block-spacer-halign-center\" style=\"height:60px\"><hr class=\"kt-divider\" style=\"border-top-color:rgba(255, 0, 0, 1);border-top-width:1px;width:80%;border-top-style:solid\"\/><\/div><\/div>\n\n\n\n<p class=\"has-medium-font-size\"><strong>MAILLOTS PERFORMANCE HOMME<\/strong><\/p>\n\n\n\n<div class=\"wp-block-columns has-4-columns\">\n<div class=\"wp-block-column\">\n<figure class=\"wp-block-image img-grid\"><a class=\"\" href=\"https:\/\/jump-performance.com\/?page_id=556\"><img loading=\"lazy\" width=\"827\" height=\"1024\" src=\"https:\/\/jump-performance.com\/wp-content\/uploads\/2019\/11\/FootHandVolley_high_perf_homme_face__jump-827x1024.jpg\" alt=\"maillot sport football personnalise jump performance\" class=\"wp-image-559\" srcset=\"https:\/\/jump-performance.com\/wp-content\/uploads\/2019\/11\/FootHandVolley_high_perf_homme_face__jump-827x1024.jpg 827w, https:\/\/jump-performance.com\/wp-content\/uploads\/2019\/11\/FootHandVolley_high_perf_homme_face__jump-242x300.jpg 242w, https:\/\/jump-performance.com\/wp-content\/uploads\/2019\/11\/FootHandVolley_high_perf_homme_face__jump-768x951.jpg 768w, https:\/\/jump-performance.com\/wp-content\/uploads\/2019\/11\/FootHandVolley_high_perf_homme_face__jump.jpg 1050w\" sizes=\"(max-width: 827px) 100vw, 827px\" \/><\/a><figcaption>Maillot Foot Performance Homme<\/figcaption><\/figure>\n\n\n\n<p style=\"text-align:center\"><strong><a href=\"https:\/\/jump-performance.com\/?page_id=556\">Maillot Performance Homme MCM<\/a><\/strong><\/p>\n<\/div>\n\n\n\n<div class=\"wp-block-column\">\n<figure class=\"wp-block-image img-grid\"><a href=\"https:\/\/jump-performance.com\/?page_id=572\"><img loading=\"lazy\" width=\"827\" height=\"1024\" src=\"https:\/\/jump-performance.com\/wp-content\/uploads\/2019\/11\/FootHandVolley_high_perf_homme_short_face_jump-827x1024.jpg\" alt=\"maillot sport football personnalise jump performance\" class=\"wp-image-561\" srcset=\"https:\/\/jump-performance.com\/wp-content\/uploads\/2019\/11\/FootHandVolley_high_perf_homme_short_face_jump-827x1024.jpg 827w, https:\/\/jump-performance.com\/wp-content\/uploads\/2019\/11\/FootHandVolley_high_perf_homme_short_face_jump-242x300.jpg 242w, https:\/\/jump-performance.com\/wp-content\/uploads\/2019\/11\/FootHandVolley_high_perf_homme_short_face_jump-768x951.jpg 768w, https:\/\/jump-performance.com\/wp-content\/uploads\/2019\/11\/FootHandVolley_high_perf_homme_short_face_jump.jpg 1050w\" sizes=\"(max-width: 827px) 100vw, 827px\" \/><\/a><figcaption>Short Performance Homme<\/figcaption><\/figure>\n\n\n\n<p style=\"text-align:center\"><strong><a href=\"https:\/\/jump-performance.com\/?page_id=572\">Short Performance Homme<\/a><\/strong><\/p>\n<\/div>\n\n\n\n<div class=\"wp-block-column\"><\/div>\n\n\n\n<div class=\"wp-block-column\"><\/div>\n<\/div>\n\n\n\n<div class=\"wp-block-kadence-spacer aligncenter kt-block-spacer-_d454de-25\"><div class=\"kt-block-spacer kt-block-spacer-halign-center\" style=\"height:60px\"><hr class=\"kt-divider\" style=\"border-top-color:rgba(255, 0, 0, 1);border-top-width:1px;width:80%;border-top-style:solid\"\/><\/div><\/div>\n\n\n\n<p class=\"has-medium-font-size\"><strong>MAILLOTS STARTER FEMME<\/strong><\/p>\n\n\n\n<div class=\"wp-block-columns has-4-columns\">\n<div class=\"wp-block-column\">\n<figure class=\"wp-block-image img-grid\"><a class=\"\" href=\"https:\/\/jump-performance.com\/?page_id=589\"><img loading=\"lazy\" width=\"827\" height=\"1024\" src=\"https:\/\/jump-performance.com\/wp-content\/uploads\/2019\/11\/FootHandVolley_starter_femme_MCM_col_V_jump-827x1024.jpg\" alt=\"maillot sport football personnalise jump performance\" class=\"wp-image-590\" srcset=\"https:\/\/jump-performance.com\/wp-content\/uploads\/2019\/11\/FootHandVolley_starter_femme_MCM_col_V_jump-827x1024.jpg 827w, https:\/\/jump-performance.com\/wp-content\/uploads\/2019\/11\/FootHandVolley_starter_femme_MCM_col_V_jump-242x300.jpg 242w, https:\/\/jump-performance.com\/wp-content\/uploads\/2019\/11\/FootHandVolley_starter_femme_MCM_col_V_jump-768x951.jpg 768w, https:\/\/jump-performance.com\/wp-content\/uploads\/2019\/11\/FootHandVolley_starter_femme_MCM_col_V_jump.jpg 1050w\" sizes=\"(max-width: 827px) 100vw, 827px\" \/><\/a><figcaption>Maillot Foot Starter Femme<\/figcaption><\/figure>\n\n\n\n<p style=\"text-align:center\"><strong><a href=\"https:\/\/jump-performance.com\/?page_id=589\">Maillot Starter Femme MCM<\/a><\/strong><\/p>\n<\/div>\n\n\n\n<div class=\"wp-block-column\">\n<figure class=\"wp-block-image img-grid\"><a href=\"https:\/\/jump-performance.com\/?page_id=599\"><img loading=\"lazy\" width=\"827\" height=\"1024\" src=\"https:\/\/jump-performance.com\/wp-content\/uploads\/2019\/11\/FootHandVolley_starter_femme_MCR_col_V_jump-827x1024.jpg\" alt=\"maillot sport football personnalise jump performance\" class=\"wp-image-601\" srcset=\"https:\/\/jump-performance.com\/wp-content\/uploads\/2019\/11\/FootHandVolley_starter_femme_MCR_col_V_jump-827x1024.jpg 827w, https:\/\/jump-performance.com\/wp-content\/uploads\/2019\/11\/FootHandVolley_starter_femme_MCR_col_V_jump-242x300.jpg 242w, https:\/\/jump-performance.com\/wp-content\/uploads\/2019\/11\/FootHandVolley_starter_femme_MCR_col_V_jump-768x951.jpg 768w, https:\/\/jump-performance.com\/wp-content\/uploads\/2019\/11\/FootHandVolley_starter_femme_MCR_col_V_jump.jpg 1050w\" sizes=\"(max-width: 827px) 100vw, 827px\" \/><\/a><figcaption> Maillot Foot Starter Femme<\/figcaption><\/figure>\n\n\n\n<p style=\"text-align:center\"><strong><a href=\"https:\/\/jump-performance.com\/?page_id=599\">Maillot Starter Femme MCR<\/a><\/strong><\/p>\n<\/div>\n\n\n\n<div class=\"wp-block-column\">\n<figure class=\"wp-block-image img-grid\"><a href=\"https:\/\/jump-performance.com\/?page_id=608\"><img loading=\"lazy\" width=\"827\" height=\"1024\" src=\"https:\/\/jump-performance.com\/wp-content\/uploads\/2019\/11\/FootHandVolley_starter_femme_MLM_col_V_jump-827x1024.jpg\" alt=\"maillot sport football personnalise jump performance\" class=\"wp-image-609\" srcset=\"https:\/\/jump-performance.com\/wp-content\/uploads\/2019\/11\/FootHandVolley_starter_femme_MLM_col_V_jump-827x1024.jpg 827w, https:\/\/jump-performance.com\/wp-content\/uploads\/2019\/11\/FootHandVolley_starter_femme_MLM_col_V_jump-242x300.jpg 242w, https:\/\/jump-performance.com\/wp-content\/uploads\/2019\/11\/FootHandVolley_starter_femme_MLM_col_V_jump-768x951.jpg 768w, https:\/\/jump-performance.com\/wp-content\/uploads\/2019\/11\/FootHandVolley_starter_femme_MLM_col_V_jump.jpg 1050w\" sizes=\"(max-width: 827px) 100vw, 827px\" \/><\/a><figcaption> Maillot Foot Starter Femme<\/figcaption><\/figure>\n\n\n\n<p style=\"text-align:center\"> <strong><a href=\"https:\/\/jump-performance.com\/?page_id=608\">Maillot Starter Femme MLM<\/a><\/strong><\/p>\n<\/div>\n\n\n\n<div class=\"wp-block-column\">\n<figure class=\"wp-block-image img-grid\"><a href=\"https:\/\/jump-performance.com\/?page_id=619\"><img loading=\"lazy\" width=\"827\" height=\"1024\" src=\"https:\/\/jump-performance.com\/wp-content\/uploads\/2019\/11\/FootHandVolley_starter_femme_MLR_col_V_jump-827x1024.jpg\" alt=\"maillot sport football personnalise jump performance\" class=\"wp-image-621\" srcset=\"https:\/\/jump-performance.com\/wp-content\/uploads\/2019\/11\/FootHandVolley_starter_femme_MLR_col_V_jump-827x1024.jpg 827w, https:\/\/jump-performance.com\/wp-content\/uploads\/2019\/11\/FootHandVolley_starter_femme_MLR_col_V_jump-242x300.jpg 242w, https:\/\/jump-performance.com\/wp-content\/uploads\/2019\/11\/FootHandVolley_starter_femme_MLR_col_V_jump-768x951.jpg 768w, https:\/\/jump-performance.com\/wp-content\/uploads\/2019\/11\/FootHandVolley_starter_femme_MLR_col_V_jump.jpg 1050w\" sizes=\"(max-width: 827px) 100vw, 827px\" \/><\/a><figcaption> Maillot Foot Starter Femme<\/figcaption><\/figure>\n\n\n\n<p style=\"text-align:center\"> <strong><a href=\"https:\/\/jump-performance.com\/?page_id=619\">Maillot Starter Femme MLR<\/a><\/strong><\/p>\n<\/div>\n<\/div>\n\n\n\n<div class=\"wp-block-columns has-4-columns\">\n<div class=\"wp-block-column\">\n<figure class=\"wp-block-image img-grid\"><a class=\"\" href=\"https:\/\/jump-performance.com\/?page_id=628\"><img loading=\"lazy\" width=\"827\" height=\"1024\" src=\"https:\/\/jump-performance.com\/wp-content\/uploads\/2019\/11\/FootHandVolley_first_femme_goal_face_jump-827x1024.jpg\" alt=\"maillot sport football personnalise jump performance\" class=\"wp-image-629\" srcset=\"https:\/\/jump-performance.com\/wp-content\/uploads\/2019\/11\/FootHandVolley_first_femme_goal_face_jump-827x1024.jpg 827w, https:\/\/jump-performance.com\/wp-content\/uploads\/2019\/11\/FootHandVolley_first_femme_goal_face_jump-242x300.jpg 242w, https:\/\/jump-performance.com\/wp-content\/uploads\/2019\/11\/FootHandVolley_first_femme_goal_face_jump-768x951.jpg 768w, https:\/\/jump-performance.com\/wp-content\/uploads\/2019\/11\/FootHandVolley_first_femme_goal_face_jump.jpg 1050w\" sizes=\"(max-width: 827px) 100vw, 827px\" \/><\/a><figcaption> Maillot Foot Starter Femme &#8211; Goal<\/figcaption><\/figure>\n\n\n\n<p style=\"text-align:center\"><strong><a href=\"https:\/\/jump-performance.com\/?page_id=628\">Maillot Starter Femme Goal  MLM<\/a><\/strong><\/p>\n<\/div>\n\n\n\n<div class=\"wp-block-column\">\n<figure class=\"wp-block-image img-grid\"><a href=\"https:\/\/jump-performance.com\/?page_id=636\"><img loading=\"lazy\" width=\"827\" height=\"1024\" src=\"https:\/\/jump-performance.com\/wp-content\/uploads\/2019\/11\/FootHandVolley_first_femme_short_face_jump-827x1024.jpg\" alt=\"short sport football personnalise jump performance\" class=\"wp-image-637\" srcset=\"https:\/\/jump-performance.com\/wp-content\/uploads\/2019\/11\/FootHandVolley_first_femme_short_face_jump-827x1024.jpg 827w, https:\/\/jump-performance.com\/wp-content\/uploads\/2019\/11\/FootHandVolley_first_femme_short_face_jump-242x300.jpg 242w, https:\/\/jump-performance.com\/wp-content\/uploads\/2019\/11\/FootHandVolley_first_femme_short_face_jump-768x951.jpg 768w, https:\/\/jump-performance.com\/wp-content\/uploads\/2019\/11\/FootHandVolley_first_femme_short_face_jump.jpg 1050w\" sizes=\"(max-width: 827px) 100vw, 827px\" \/><\/a><figcaption> Short Foot Starter Femme <\/figcaption><\/figure>\n\n\n\n<p style=\"text-align:center\"><strong><a href=\"https:\/\/jump-performance.com\/?page_id=636\">Short Starter Femme<\/a><\/strong><\/p>\n<\/div>\n\n\n\n<div class=\"wp-block-column\">\n<figure class=\"wp-block-image img-grid\"><a href=\"https:\/\/jump-performance.com\/?page_id=645\"><img loading=\"lazy\" width=\"827\" height=\"1024\" src=\"https:\/\/jump-performance.com\/wp-content\/uploads\/2019\/11\/FootHandVolley_first_femme_goal_short_face_jump-827x1024.jpg\" alt=\"short sport football personnalise jump performance\" class=\"wp-image-649\" srcset=\"https:\/\/jump-performance.com\/wp-content\/uploads\/2019\/11\/FootHandVolley_first_femme_goal_short_face_jump-827x1024.jpg 827w, https:\/\/jump-performance.com\/wp-content\/uploads\/2019\/11\/FootHandVolley_first_femme_goal_short_face_jump-242x300.jpg 242w, https:\/\/jump-performance.com\/wp-content\/uploads\/2019\/11\/FootHandVolley_first_femme_goal_short_face_jump-768x951.jpg 768w, https:\/\/jump-performance.com\/wp-content\/uploads\/2019\/11\/FootHandVolley_first_femme_goal_short_face_jump.jpg 1050w\" sizes=\"(max-width: 827px) 100vw, 827px\" \/><\/a><figcaption> Short Foot Starter Femme &#8211; Goal<\/figcaption><\/figure>\n\n\n\n<p style=\"text-align:center\"><strong><a href=\"https:\/\/jump-performance.com\/?page_id=645\">Short Starter Femme Goal<\/a><\/strong><\/p>\n<\/div>\n\n\n\n<div class=\"wp-block-column\"><\/div>\n<\/div>\n\n\n\n<div class=\"wp-block-kadence-spacer aligncenter kt-block-spacer-_b2ab9f-ec\"><div class=\"kt-block-spacer kt-block-spacer-halign-center\" style=\"height:60px\"><hr class=\"kt-divider\" style=\"border-top-color:rgba(255, 0, 0, 1);border-top-width:1px;width:80%;border-top-style:solid\"\/><\/div><\/div>\n\n\n\n<p class=\"has-medium-font-size\"><strong>MAILLOTS PERFORMANCE FEMME<\/strong><\/p>\n\n\n\n<div class=\"wp-block-columns has-4-columns\">\n<div class=\"wp-block-column\">\n<figure class=\"wp-block-image img-grid\"><a class=\"\" href=\"https:\/\/jump-performance.com\/?page_id=576\"><img loading=\"lazy\" width=\"827\" height=\"1024\" src=\"https:\/\/jump-performance.com\/wp-content\/uploads\/2019\/11\/FootHandVolley_high_perf_femme_face_jump-827x1024.jpg\" alt=\"maillot sport football personnalise jump performance\" class=\"wp-image-579\" srcset=\"https:\/\/jump-performance.com\/wp-content\/uploads\/2019\/11\/FootHandVolley_high_perf_femme_face_jump-827x1024.jpg 827w, https:\/\/jump-performance.com\/wp-content\/uploads\/2019\/11\/FootHandVolley_high_perf_femme_face_jump-242x300.jpg 242w, https:\/\/jump-performance.com\/wp-content\/uploads\/2019\/11\/FootHandVolley_high_perf_femme_face_jump-768x951.jpg 768w, https:\/\/jump-performance.com\/wp-content\/uploads\/2019\/11\/FootHandVolley_high_perf_femme_face_jump.jpg 1050w\" sizes=\"(max-width: 827px) 100vw, 827px\" \/><\/a><figcaption>Maillot Performance Femme<\/figcaption><\/figure>\n\n\n\n<p style=\"text-align:center\"><strong><a href=\"https:\/\/jump-performance.com\/?page_id=576\">Maillot Performance Femme MCM<\/a><\/strong><\/p>\n<\/div>\n\n\n\n<div class=\"wp-block-column\">\n<figure class=\"wp-block-image img-grid\"><a href=\"https:\/\/jump-performance.com\/?page_id=652\"><img loading=\"lazy\" width=\"827\" height=\"1024\" src=\"https:\/\/jump-performance.com\/wp-content\/uploads\/2019\/11\/FootHandVolley_high_perf_femme_short_face_jump-827x1024.jpg\" alt=\"maillot sport football personnalise jump performance\" class=\"wp-image-581\" srcset=\"https:\/\/jump-performance.com\/wp-content\/uploads\/2019\/11\/FootHandVolley_high_perf_femme_short_face_jump-827x1024.jpg 827w, https:\/\/jump-performance.com\/wp-content\/uploads\/2019\/11\/FootHandVolley_high_perf_femme_short_face_jump-242x300.jpg 242w, https:\/\/jump-performance.com\/wp-content\/uploads\/2019\/11\/FootHandVolley_high_perf_femme_short_face_jump-768x951.jpg 768w, https:\/\/jump-performance.com\/wp-content\/uploads\/2019\/11\/FootHandVolley_high_perf_femme_short_face_jump.jpg 1050w\" sizes=\"(max-width: 827px) 100vw, 827px\" \/><\/a><figcaption> Short Performance Femme<\/figcaption><\/figure>\n\n\n\n<p style=\"text-align:center\"> <strong><a href=\"https:\/\/jump-performance.com\/?page_id=652\">Short Performance Femme<\/a><\/strong><\/p>\n<\/div>\n\n\n\n<div class=\"wp-block-column\"><\/div>\n\n\n\n<div class=\"wp-block-column\"><\/div>\n<\/div>\n\n\n\n<p><\/p>\n","protected":false},"excerpt":{"rendered":"<p>D\u00e9couvrez nos collections de maillots et short de football sublim\u00e9s, \u00e0 travers nos 2 gammes STARTER et PERFORMANCE adapt\u00e9es \u00e0 vos besoins. MAILLOTS STARTER HOMME Maillot Starter Homme MCM Maillot Starter Homme MCR Maillot Starter Homme MLM Maillot Starter Homme &hellip; <a href=\"https:\/\/jump-performance.com\/?page_id=422\">Lire la suite\u00ad\u00ad<\/a><\/p>\n","protected":false},"author":1,"featured_media":0,"parent":0,"menu_order":0,"comment_status":"closed","ping_status":"closed","template":"","meta":{"advgb_blocks_editor_width":"","advgb_blocks_columns_visual_guide":"","kt_blocks_editor_width":""},"categories":[25],"tags":[],"coauthors":[],"author_meta":{"author_link":"https:\/\/jump-performance.com\/?author=1","display_name":"adminFDjump"},"relative_dates":{"created":"Posted 7 ans ago","modified":"Updated 6 ans ago"},"absolute_dates":{"created":"Posted on 23 octobre 2019","modified":"Updated on 12 novembre 2019"},"absolute_dates_time":{"created":"Posted on 23 octobre 2019 15 h 30 min","modified":"Updated on 12 novembre 2019 12 h 56 min"},"featured_img_caption":"","uagb_featured_image_src":{"full":false,"thumbnail":false,"medium":false,"medium_large":false,"large":false,"1536x1536":false,"2048x2048":false,"widget-thumb":false},"uagb_author_info":{"display_name":"adminFDjump","author_link":"https:\/\/jump-performance.com\/?author=1"},"uagb_comment_info":0,"uagb_excerpt":"D\u00e9couvrez nos collections de maillots et short de football sublim\u00e9s, \u00e0 travers nos 2 gammes STARTER et PERFORMANCE adapt\u00e9es \u00e0 vos besoins. MAILLOTS STARTER HOMME Maillot Starter Homme MCM Maillot Starter Homme MCR Maillot Starter Homme MLM Maillot Starter Homme &hellip; Lire la suite\u00ad\u00ad","_links":{"self":[{"href":"https:\/\/jump-performance.com\/index.php?rest_route=\/wp\/v2\/pages\/422"}],"collection":[{"href":"https:\/\/jump-performance.com\/index.php?rest_route=\/wp\/v2\/pages"}],"about":[{"href":"https:\/\/jump-performance.com\/index.php?rest_route=\/wp\/v2\/types\/page"}],"author":[{"embeddable":true,"href":"https:\/\/jump-performance.com\/index.php?rest_route=\/wp\/v2\/users\/1"}],"replies":[{"embeddable":true,"href":"https:\/\/jump-performance.com\/index.php?rest_route=%2Fwp%2Fv2%2Fcomments&post=422"}],"version-history":[{"count":74,"href":"https:\/\/jump-performance.com\/index.php?rest_route=\/wp\/v2\/pages\/422\/revisions"}],"predecessor-version":[{"id":656,"href":"https:\/\/jump-performance.com\/index.php?rest_route=\/wp\/v2\/pages\/422\/revisions\/656"}],"wp:attachment":[{"href":"https:\/\/jump-performance.com\/index.php?rest_route=%2Fwp%2Fv2%2Fmedia&parent=422"}],"wp:term":[{"taxonomy":"category","embeddable":true,"href":"https:\/\/jump-performance.com\/index.php?rest_route=%2Fwp%2Fv2%2Fcategories&post=422"},{"taxonomy":"post_tag","embeddable":true,"href":"https:\/\/jump-performance.com\/index.php?rest_route=%2Fwp%2Fv2%2Ftags&post=422"}],"curies":[{"name":"wp","href":"https:\/\/api.w.org\/{rel}","templated":true}]}}