{"id":657,"date":"2019-11-12T13:39:08","date_gmt":"2019-11-12T12:39:08","guid":{"rendered":"https:\/\/jump-performance.com\/?page_id=657"},"modified":"2019-11-14T13:31:03","modified_gmt":"2019-11-14T12:31:03","slug":"handball","status":"publish","type":"page","link":"https:\/\/jump-performance.com\/?page_id=657","title":{"rendered":"Handball"},"content":{"rendered":"\n<figure class=\"wp-block-image alignwide\"><img loading=\"lazy\" width=\"1598\" height=\"236\" src=\"https:\/\/jump-performance.com\/wp-content\/uploads\/2019\/11\/header_hand.jpg\" alt=\"maillot hand handball personnalise jump performance\" class=\"wp-image-658\" srcset=\"https:\/\/jump-performance.com\/wp-content\/uploads\/2019\/11\/header_hand.jpg 1598w, https:\/\/jump-performance.com\/wp-content\/uploads\/2019\/11\/header_hand-300x44.jpg 300w, https:\/\/jump-performance.com\/wp-content\/uploads\/2019\/11\/header_hand-768x113.jpg 768w, https:\/\/jump-performance.com\/wp-content\/uploads\/2019\/11\/header_hand-1024x151.jpg 1024w\" sizes=\"(max-width: 1598px) 100vw, 1598px\" \/><\/figure>\n\n\n\n<p style=\"text-align:center\" class=\"has-medium-font-size\">D\u00e9couvrez nos collections de maillots et short de handball sublim\u00e9s, \u00e0 travers nos 2 gammes <strong>STARTER <\/strong>et <strong>PERFORMANCE  <\/strong>adapt\u00e9es \u00e0 vos besoins.<\/p>\n\n\n\n<div class=\"wp-block-kadence-spacer aligncenter kt-block-spacer-_8ecbb6-50\"><div class=\"kt-block-spacer kt-block-spacer-halign-center\" style=\"height:60px\"><hr class=\"kt-divider\" style=\"border-top-color:rgba(255, 0, 0, 1);border-top-width:1px;width:80%;border-top-style:solid\"\/><\/div><\/div>\n\n\n\n<p class=\"has-medium-font-size\"><strong>MAILLOTS STARTER HOMME<\/strong><\/p>\n\n\n\n<div class=\"wp-block-columns has-4-columns\">\n<div class=\"wp-block-column\">\n<figure class=\"wp-block-image img-grid\"><a class=\"\" href=\"https:\/\/jump-performance.com\/?page_id=679\"><img loading=\"lazy\" width=\"827\" height=\"1024\" src=\"https:\/\/jump-performance.com\/wp-content\/uploads\/2019\/11\/Hand_starter_homme_MCM_face_jump-827x1024.jpg\" alt=\"maillot sport hand handball personnalise jump performance\" class=\"wp-image-919\" srcset=\"https:\/\/jump-performance.com\/wp-content\/uploads\/2019\/11\/Hand_starter_homme_MCM_face_jump-827x1024.jpg 827w, https:\/\/jump-performance.com\/wp-content\/uploads\/2019\/11\/Hand_starter_homme_MCM_face_jump-242x300.jpg 242w, https:\/\/jump-performance.com\/wp-content\/uploads\/2019\/11\/Hand_starter_homme_MCM_face_jump-768x951.jpg 768w, https:\/\/jump-performance.com\/wp-content\/uploads\/2019\/11\/Hand_starter_homme_MCM_face_jump.jpg 1050w\" sizes=\"(max-width: 827px) 100vw, 827px\" \/><\/a><figcaption>Maillot Hand Starter Homme<\/figcaption><\/figure>\n\n\n\n<p style=\"text-align:center\"><strong><a href=\"https:\/\/jump-performance.com\/?page_id=679\">Maillot Starter Homme MCM<\/a><\/strong><\/p>\n<\/div>\n\n\n\n<div class=\"wp-block-column\">\n<figure class=\"wp-block-image img-grid\"><a href=\"https:\/\/jump-performance.com\/?page_id=682\"><img loading=\"lazy\" width=\"827\" height=\"1024\" src=\"https:\/\/jump-performance.com\/wp-content\/uploads\/2019\/11\/Hand_starter_homme_MCR_col_V_jump-827x1024.jpg\" alt=\"maillot sport hand handball personnalise jump performance\" class=\"wp-image-927\" srcset=\"https:\/\/jump-performance.com\/wp-content\/uploads\/2019\/11\/Hand_starter_homme_MCR_col_V_jump-827x1024.jpg 827w, https:\/\/jump-performance.com\/wp-content\/uploads\/2019\/11\/Hand_starter_homme_MCR_col_V_jump-242x300.jpg 242w, https:\/\/jump-performance.com\/wp-content\/uploads\/2019\/11\/Hand_starter_homme_MCR_col_V_jump-768x951.jpg 768w, https:\/\/jump-performance.com\/wp-content\/uploads\/2019\/11\/Hand_starter_homme_MCR_col_V_jump.jpg 1050w\" sizes=\"(max-width: 827px) 100vw, 827px\" \/><\/a><figcaption> Maillot Hand Starter Homme<\/figcaption><\/figure>\n\n\n\n<p style=\"text-align:center\"><strong><a href=\"https:\/\/jump-performance.com\/?page_id=682\">Maillot Starter Homme MCR<\/a><\/strong><\/p>\n<\/div>\n\n\n\n<div class=\"wp-block-column\">\n<figure class=\"wp-block-image img-grid\"><a class=\"\" href=\"https:\/\/jump-performance.com\/?page_id=676\"><img loading=\"lazy\" width=\"827\" height=\"1024\" src=\"https:\/\/jump-performance.com\/wp-content\/uploads\/2019\/11\/Hand_first_homme_goal_face_jump-827x1024.jpg\" alt=\"maillot sport hand handball personnalise jump performance\" class=\"wp-image-933\" srcset=\"https:\/\/jump-performance.com\/wp-content\/uploads\/2019\/11\/Hand_first_homme_goal_face_jump-827x1024.jpg 827w, https:\/\/jump-performance.com\/wp-content\/uploads\/2019\/11\/Hand_first_homme_goal_face_jump-242x300.jpg 242w, https:\/\/jump-performance.com\/wp-content\/uploads\/2019\/11\/Hand_first_homme_goal_face_jump-768x951.jpg 768w, https:\/\/jump-performance.com\/wp-content\/uploads\/2019\/11\/Hand_first_homme_goal_face_jump.jpg 1050w\" sizes=\"(max-width: 827px) 100vw, 827px\" \/><\/a><figcaption> Maillot Hand Starter Homme<\/figcaption><\/figure>\n\n\n\n<p style=\"text-align:center\"><a href=\"https:\/\/jump-performance.com\/?page_id=676\"><strong>Maillot Starter Homme Goal  MLM<\/strong><\/a><\/p>\n<\/div>\n\n\n\n<div class=\"wp-block-column\">\n<figure class=\"wp-block-image img-grid\"><a href=\"https:\/\/jump-performance.com\/?page_id=694\"><img loading=\"lazy\" width=\"827\" height=\"1024\" src=\"https:\/\/jump-performance.com\/wp-content\/uploads\/2019\/11\/Hand_first_homme_short_face_jump-827x1024.jpg\" alt=\"maillot sport hand handball personnalise jump performance\" class=\"wp-image-938\" srcset=\"https:\/\/jump-performance.com\/wp-content\/uploads\/2019\/11\/Hand_first_homme_short_face_jump-827x1024.jpg 827w, https:\/\/jump-performance.com\/wp-content\/uploads\/2019\/11\/Hand_first_homme_short_face_jump-242x300.jpg 242w, https:\/\/jump-performance.com\/wp-content\/uploads\/2019\/11\/Hand_first_homme_short_face_jump-768x951.jpg 768w, https:\/\/jump-performance.com\/wp-content\/uploads\/2019\/11\/Hand_first_homme_short_face_jump.jpg 1050w\" sizes=\"(max-width: 827px) 100vw, 827px\" \/><\/a><figcaption> Short Hand Starter Homme <\/figcaption><\/figure>\n\n\n\n<p style=\"text-align:center\"><strong><a href=\"https:\/\/jump-performance.com\/?page_id=694\">Short Starter Homme<\/a><\/strong><\/p>\n<\/div>\n<\/div>\n\n\n\n<div class=\"wp-block-kadence-spacer aligncenter kt-block-spacer-_249fd5-b4\"><div class=\"kt-block-spacer kt-block-spacer-halign-center\" style=\"height:60px\"><hr class=\"kt-divider\" style=\"border-top-color:rgba(255, 0, 0, 1);border-top-width:1px;width:80%;border-top-style:solid\"\/><\/div><\/div>\n\n\n\n<p class=\"has-medium-font-size\"><strong>MAILLOTS PERFORMANCE HOMME<\/strong><\/p>\n\n\n\n<div class=\"wp-block-columns has-4-columns\">\n<div class=\"wp-block-column\">\n<figure class=\"wp-block-image img-grid\"><a class=\"\" href=\"https:\/\/jump-performance.com\/?page_id=664\"><img loading=\"lazy\" width=\"827\" height=\"1024\" src=\"https:\/\/jump-performance.com\/wp-content\/uploads\/2019\/11\/FootHandVolley_high_perf_homme_face_jump-827x1024.jpg\" alt=\"maillot sport hand handball personnalise jump performance\" class=\"wp-image-942\" srcset=\"https:\/\/jump-performance.com\/wp-content\/uploads\/2019\/11\/FootHandVolley_high_perf_homme_face_jump-827x1024.jpg 827w, https:\/\/jump-performance.com\/wp-content\/uploads\/2019\/11\/FootHandVolley_high_perf_homme_face_jump-242x300.jpg 242w, https:\/\/jump-performance.com\/wp-content\/uploads\/2019\/11\/FootHandVolley_high_perf_homme_face_jump-768x951.jpg 768w, https:\/\/jump-performance.com\/wp-content\/uploads\/2019\/11\/FootHandVolley_high_perf_homme_face_jump.jpg 1050w\" sizes=\"(max-width: 827px) 100vw, 827px\" \/><\/a><figcaption> Maillot Performance Homme<\/figcaption><\/figure>\n\n\n\n<p style=\"text-align:center\"><strong><a href=\"https:\/\/jump-performance.com\/?page_id=664\">Maillot Performance Homme MCM<\/a><\/strong><\/p>\n<\/div>\n\n\n\n<div class=\"wp-block-column\">\n<figure class=\"wp-block-image img-grid\"><a href=\"https:\/\/jump-performance.com\/?page_id=688\"><img loading=\"lazy\" width=\"827\" height=\"1024\" src=\"https:\/\/jump-performance.com\/wp-content\/uploads\/2019\/11\/FootHandVolley_high_perf_homme_short_face_jump-1-827x1024.jpg\" alt=\"maillot sport hand handball personnalise jump performance\" class=\"wp-image-947\" srcset=\"https:\/\/jump-performance.com\/wp-content\/uploads\/2019\/11\/FootHandVolley_high_perf_homme_short_face_jump-1-827x1024.jpg 827w, https:\/\/jump-performance.com\/wp-content\/uploads\/2019\/11\/FootHandVolley_high_perf_homme_short_face_jump-1-242x300.jpg 242w, https:\/\/jump-performance.com\/wp-content\/uploads\/2019\/11\/FootHandVolley_high_perf_homme_short_face_jump-1-768x951.jpg 768w, https:\/\/jump-performance.com\/wp-content\/uploads\/2019\/11\/FootHandVolley_high_perf_homme_short_face_jump-1.jpg 1050w\" sizes=\"(max-width: 827px) 100vw, 827px\" \/><\/a><figcaption> Short Performance Homme<\/figcaption><\/figure>\n\n\n\n<p style=\"text-align:center\"><strong><a href=\"https:\/\/jump-performance.com\/?page_id=688\">Short Performance Homme<\/a><\/strong><\/p>\n<\/div>\n\n\n\n<div class=\"wp-block-column\"><\/div>\n\n\n\n<div class=\"wp-block-column\"><\/div>\n<\/div>\n\n\n\n<div class=\"wp-block-kadence-spacer aligncenter kt-block-spacer-_d454de-25\"><div class=\"kt-block-spacer kt-block-spacer-halign-center\" style=\"height:60px\"><hr class=\"kt-divider\" style=\"border-top-color:rgba(255, 0, 0, 1);border-top-width:1px;width:80%;border-top-style:solid\"\/><\/div><\/div>\n\n\n\n<p class=\"has-medium-font-size\"><strong>MAILLOTS STARTER FEMME<\/strong><\/p>\n\n\n\n<div class=\"wp-block-columns has-4-columns\">\n<div class=\"wp-block-column\">\n<figure class=\"wp-block-image img-grid\"><a class=\"\" href=\"https:\/\/jump-performance.com\/?page_id=670\"><img loading=\"lazy\" width=\"827\" height=\"1024\" src=\"https:\/\/jump-performance.com\/wp-content\/uploads\/2019\/11\/FootHandVolley_starter_femme_MCM_col_V_jump-1-827x1024.jpg\" alt=\"maillot sport hand handball personnalise jump performance\" class=\"wp-image-951\" srcset=\"https:\/\/jump-performance.com\/wp-content\/uploads\/2019\/11\/FootHandVolley_starter_femme_MCM_col_V_jump-1-827x1024.jpg 827w, https:\/\/jump-performance.com\/wp-content\/uploads\/2019\/11\/FootHandVolley_starter_femme_MCM_col_V_jump-1-242x300.jpg 242w, https:\/\/jump-performance.com\/wp-content\/uploads\/2019\/11\/FootHandVolley_starter_femme_MCM_col_V_jump-1-768x951.jpg 768w, https:\/\/jump-performance.com\/wp-content\/uploads\/2019\/11\/FootHandVolley_starter_femme_MCM_col_V_jump-1.jpg 1050w\" sizes=\"(max-width: 827px) 100vw, 827px\" \/><\/a><figcaption> Maillot Hand Starter Femme<\/figcaption><\/figure>\n\n\n\n<p style=\"text-align:center\"><strong><a href=\"https:\/\/jump-performance.com\/?page_id=670\">Maillot Starter Femme MCM<\/a><\/strong><\/p>\n<\/div>\n\n\n\n<div class=\"wp-block-column\">\n<figure class=\"wp-block-image img-grid\"><a href=\"https:\/\/jump-performance.com\/?page_id=673\"><img loading=\"lazy\" width=\"827\" height=\"1024\" src=\"https:\/\/jump-performance.com\/wp-content\/uploads\/2019\/11\/Hand_starter_femme_MCR_col_V_jump-827x1024.jpg\" alt=\"maillot sport hand handball personnalise jump performance\" class=\"wp-image-957\" srcset=\"https:\/\/jump-performance.com\/wp-content\/uploads\/2019\/11\/Hand_starter_femme_MCR_col_V_jump-827x1024.jpg 827w, https:\/\/jump-performance.com\/wp-content\/uploads\/2019\/11\/Hand_starter_femme_MCR_col_V_jump-242x300.jpg 242w, https:\/\/jump-performance.com\/wp-content\/uploads\/2019\/11\/Hand_starter_femme_MCR_col_V_jump-768x951.jpg 768w, https:\/\/jump-performance.com\/wp-content\/uploads\/2019\/11\/Hand_starter_femme_MCR_col_V_jump.jpg 1050w\" sizes=\"(max-width: 827px) 100vw, 827px\" \/><\/a><figcaption> Maillot Hand Starter Femme<\/figcaption><\/figure>\n\n\n\n<p style=\"text-align:center\"><strong><a href=\"https:\/\/jump-performance.com\/?page_id=673\">Maillot Starter Femme MCR<\/a><\/strong><\/p>\n<\/div>\n\n\n\n<div class=\"wp-block-column\">\n<figure class=\"wp-block-image img-grid\"><a class=\"\" href=\"https:\/\/jump-performance.com\/?page_id=667\"><img loading=\"lazy\" width=\"827\" height=\"1024\" src=\"https:\/\/jump-performance.com\/wp-content\/uploads\/2019\/11\/Hand_first_femme_goal_face_jump-827x1024.jpg\" alt=\"maillot sport hand handball personnalise jump performance\" class=\"wp-image-961\" srcset=\"https:\/\/jump-performance.com\/wp-content\/uploads\/2019\/11\/Hand_first_femme_goal_face_jump-827x1024.jpg 827w, https:\/\/jump-performance.com\/wp-content\/uploads\/2019\/11\/Hand_first_femme_goal_face_jump-242x300.jpg 242w, https:\/\/jump-performance.com\/wp-content\/uploads\/2019\/11\/Hand_first_femme_goal_face_jump-768x951.jpg 768w, https:\/\/jump-performance.com\/wp-content\/uploads\/2019\/11\/Hand_first_femme_goal_face_jump.jpg 1050w\" sizes=\"(max-width: 827px) 100vw, 827px\" \/><\/a><figcaption> Maillot Hand Starter Femme<\/figcaption><\/figure>\n\n\n\n<p style=\"text-align:center\"><strong><a href=\"https:\/\/jump-performance.com\/?page_id=667\">Maillot Starter Femme Goal  MLM<\/a><\/strong><\/p>\n<\/div>\n\n\n\n<div class=\"wp-block-column\">\n<figure class=\"wp-block-image img-grid\"><a href=\"https:\/\/jump-performance.com\/?page_id=691\"><img loading=\"lazy\" width=\"827\" height=\"1024\" src=\"https:\/\/jump-performance.com\/wp-content\/uploads\/2019\/11\/FootHandVolley_first_femme_short_face_jump-1-827x1024.jpg\" alt=\"maillot sport hand handball personnalise jump performance\" class=\"wp-image-965\" srcset=\"https:\/\/jump-performance.com\/wp-content\/uploads\/2019\/11\/FootHandVolley_first_femme_short_face_jump-1-827x1024.jpg 827w, https:\/\/jump-performance.com\/wp-content\/uploads\/2019\/11\/FootHandVolley_first_femme_short_face_jump-1-242x300.jpg 242w, https:\/\/jump-performance.com\/wp-content\/uploads\/2019\/11\/FootHandVolley_first_femme_short_face_jump-1-768x951.jpg 768w, https:\/\/jump-performance.com\/wp-content\/uploads\/2019\/11\/FootHandVolley_first_femme_short_face_jump-1.jpg 1050w\" sizes=\"(max-width: 827px) 100vw, 827px\" \/><\/a><figcaption>Short Hand Starter Femme<\/figcaption><\/figure>\n\n\n\n<p style=\"text-align:center\"><strong><a href=\"https:\/\/jump-performance.com\/?page_id=691\">Short Starter Femme<\/a><\/strong><\/p>\n<\/div>\n<\/div>\n\n\n\n<div class=\"wp-block-kadence-spacer aligncenter kt-block-spacer-_b2ab9f-ec\"><div class=\"kt-block-spacer kt-block-spacer-halign-center\" style=\"height:60px\"><hr class=\"kt-divider\" style=\"border-top-color:rgba(255, 0, 0, 1);border-top-width:1px;width:80%;border-top-style:solid\"\/><\/div><\/div>\n\n\n\n<p class=\"has-medium-font-size\"><strong>MAILLOTS PERFORMANCE FEMME<\/strong><\/p>\n\n\n\n<div class=\"wp-block-columns has-4-columns\">\n<div class=\"wp-block-column\">\n<figure class=\"wp-block-image img-grid\"><a class=\"\" href=\"https:\/\/jump-performance.com\/?page_id=661\"><img loading=\"lazy\" width=\"827\" height=\"1024\" src=\"https:\/\/jump-performance.com\/wp-content\/uploads\/2019\/11\/FootHandVolley_high_perf_femme_face_jump-1-827x1024.jpg\" alt=\"maillot sport hand handball personnalise jump performance\" class=\"wp-image-970\" srcset=\"https:\/\/jump-performance.com\/wp-content\/uploads\/2019\/11\/FootHandVolley_high_perf_femme_face_jump-1-827x1024.jpg 827w, https:\/\/jump-performance.com\/wp-content\/uploads\/2019\/11\/FootHandVolley_high_perf_femme_face_jump-1-242x300.jpg 242w, https:\/\/jump-performance.com\/wp-content\/uploads\/2019\/11\/FootHandVolley_high_perf_femme_face_jump-1-768x951.jpg 768w, https:\/\/jump-performance.com\/wp-content\/uploads\/2019\/11\/FootHandVolley_high_perf_femme_face_jump-1.jpg 1050w\" sizes=\"(max-width: 827px) 100vw, 827px\" \/><\/a><figcaption> Maillot Performance Femme<\/figcaption><\/figure>\n\n\n\n<p style=\"text-align:center\"><strong><a href=\"https:\/\/jump-performance.com\/?page_id=661\">Maillot Performance Femme MCM<\/a><\/strong><\/p>\n<\/div>\n\n\n\n<div class=\"wp-block-column\">\n<figure class=\"wp-block-image img-grid\"><a href=\"https:\/\/jump-performance.com\/?page_id=685\"><img loading=\"lazy\" width=\"827\" height=\"1024\" src=\"https:\/\/jump-performance.com\/wp-content\/uploads\/2019\/11\/FootHandVolley_high_perf_femme_short_face_jump-1-827x1024.jpg\" alt=\"maillot sport hand handball personnalise jump performance\" class=\"wp-image-972\" srcset=\"https:\/\/jump-performance.com\/wp-content\/uploads\/2019\/11\/FootHandVolley_high_perf_femme_short_face_jump-1-827x1024.jpg 827w, https:\/\/jump-performance.com\/wp-content\/uploads\/2019\/11\/FootHandVolley_high_perf_femme_short_face_jump-1-242x300.jpg 242w, https:\/\/jump-performance.com\/wp-content\/uploads\/2019\/11\/FootHandVolley_high_perf_femme_short_face_jump-1-768x951.jpg 768w, https:\/\/jump-performance.com\/wp-content\/uploads\/2019\/11\/FootHandVolley_high_perf_femme_short_face_jump-1.jpg 1050w\" sizes=\"(max-width: 827px) 100vw, 827px\" \/><\/a><figcaption> Short Performance Femme<\/figcaption><\/figure>\n\n\n\n<p style=\"text-align:center\"> <strong><a href=\"https:\/\/jump-performance.com\/?page_id=685\">Short Performance Femme<\/a><\/strong><\/p>\n<\/div>\n\n\n\n<div class=\"wp-block-column\"><\/div>\n\n\n\n<div class=\"wp-block-column\"><\/div>\n<\/div>\n\n\n\n<p><\/p>\n","protected":false},"excerpt":{"rendered":"<p>D\u00e9couvrez nos collections de maillots et short de handball sublim\u00e9s, \u00e0 travers nos 2 gammes STARTER et PERFORMANCE adapt\u00e9es \u00e0 vos besoins. MAILLOTS STARTER HOMME Maillot Starter Homme MCM Maillot Starter Homme MCR Maillot Starter Homme Goal MLM Short Starter &hellip; <a href=\"https:\/\/jump-performance.com\/?page_id=657\">Lire la suite\u00ad\u00ad<\/a><\/p>\n","protected":false},"author":1,"featured_media":0,"parent":0,"menu_order":0,"comment_status":"closed","ping_status":"closed","template":"","meta":{"advgb_blocks_editor_width":"","advgb_blocks_columns_visual_guide":"","kt_blocks_editor_width":""},"categories":[28],"tags":[],"coauthors":[],"author_meta":{"author_link":"https:\/\/jump-performance.com\/?author=1","display_name":"adminFDjump"},"relative_dates":{"created":"Posted 6 ans ago","modified":"Updated 6 ans ago"},"absolute_dates":{"created":"Posted on 12 novembre 2019","modified":"Updated on 14 novembre 2019"},"absolute_dates_time":{"created":"Posted on 12 novembre 2019 13 h 39 min","modified":"Updated on 14 novembre 2019 13 h 31 min"},"featured_img_caption":"","uagb_featured_image_src":{"full":false,"thumbnail":false,"medium":false,"medium_large":false,"large":false,"1536x1536":false,"2048x2048":false,"widget-thumb":false},"uagb_author_info":{"display_name":"adminFDjump","author_link":"https:\/\/jump-performance.com\/?author=1"},"uagb_comment_info":0,"uagb_excerpt":"D\u00e9couvrez nos collections de maillots et short de handball sublim\u00e9s, \u00e0 travers nos 2 gammes STARTER et PERFORMANCE adapt\u00e9es \u00e0 vos besoins. MAILLOTS STARTER HOMME Maillot Starter Homme MCM Maillot Starter Homme MCR Maillot Starter Homme Goal MLM Short Starter &hellip; Lire la suite\u00ad\u00ad","_links":{"self":[{"href":"https:\/\/jump-performance.com\/index.php?rest_route=\/wp\/v2\/pages\/657"}],"collection":[{"href":"https:\/\/jump-performance.com\/index.php?rest_route=\/wp\/v2\/pages"}],"about":[{"href":"https:\/\/jump-performance.com\/index.php?rest_route=\/wp\/v2\/types\/page"}],"author":[{"embeddable":true,"href":"https:\/\/jump-performance.com\/index.php?rest_route=\/wp\/v2\/users\/1"}],"replies":[{"embeddable":true,"href":"https:\/\/jump-performance.com\/index.php?rest_route=%2Fwp%2Fv2%2Fcomments&post=657"}],"version-history":[{"count":28,"href":"https:\/\/jump-performance.com\/index.php?rest_route=\/wp\/v2\/pages\/657\/revisions"}],"predecessor-version":[{"id":976,"href":"https:\/\/jump-performance.com\/index.php?rest_route=\/wp\/v2\/pages\/657\/revisions\/976"}],"wp:attachment":[{"href":"https:\/\/jump-performance.com\/index.php?rest_route=%2Fwp%2Fv2%2Fmedia&parent=657"}],"wp:term":[{"taxonomy":"category","embeddable":true,"href":"https:\/\/jump-performance.com\/index.php?rest_route=%2Fwp%2Fv2%2Fcategories&post=657"},{"taxonomy":"post_tag","embeddable":true,"href":"https:\/\/jump-performance.com\/index.php?rest_route=%2Fwp%2Fv2%2Ftags&post=657"}],"curies":[{"name":"wp","href":"https:\/\/api.w.org\/{rel}","templated":true}]}}