{"id":750,"date":"2019-11-13T12:23:30","date_gmt":"2019-11-13T11:23:30","guid":{"rendered":"https:\/\/jump-performance.com\/?page_id=750"},"modified":"2019-11-13T14:22:36","modified_gmt":"2019-11-13T13:22:36","slug":"rugby","status":"publish","type":"page","link":"https:\/\/jump-performance.com\/?page_id=750","title":{"rendered":"Rugby"},"content":{"rendered":"\n<figure class=\"wp-block-image alignwide\"><img loading=\"lazy\" width=\"1598\" height=\"236\" src=\"https:\/\/jump-performance.com\/wp-content\/uploads\/2019\/11\/header_rugby.jpg\" alt=\"maillot rugby personnalise jump performance\" class=\"wp-image-751\" srcset=\"https:\/\/jump-performance.com\/wp-content\/uploads\/2019\/11\/header_rugby.jpg 1598w, https:\/\/jump-performance.com\/wp-content\/uploads\/2019\/11\/header_rugby-300x44.jpg 300w, https:\/\/jump-performance.com\/wp-content\/uploads\/2019\/11\/header_rugby-768x113.jpg 768w, https:\/\/jump-performance.com\/wp-content\/uploads\/2019\/11\/header_rugby-1024x151.jpg 1024w\" sizes=\"(max-width: 1598px) 100vw, 1598px\" \/><\/figure>\n\n\n\n<p style=\"text-align:center\" class=\"has-medium-font-size\">D\u00e9couvrez nos collections de maillots et short de rugby sublim\u00e9s, \u00e0 travers nos 2 gammes <strong>STARTER <\/strong>et <strong>PERFORMANCE  <\/strong>adapt\u00e9es \u00e0 vos besoins.<\/p>\n\n\n\n<div class=\"wp-block-kadence-spacer aligncenter kt-block-spacer-_8ecbb6-50\"><div class=\"kt-block-spacer kt-block-spacer-halign-center\" style=\"height:60px\"><hr class=\"kt-divider\" style=\"border-top-color:rgba(255, 0, 0, 1);border-top-width:1px;width:80%;border-top-style:solid\"\/><\/div><\/div>\n\n\n\n<p class=\"has-medium-font-size\"><strong>MAILLOTS STARTER HOMME<\/strong><\/p>\n\n\n\n<div class=\"wp-block-columns has-4-columns\">\n<div class=\"wp-block-column\">\n<figure class=\"wp-block-image img-grid\"><a class=\"\" href=\"https:\/\/jump-performance.com\/?page_id=754\"><img loading=\"lazy\" width=\"827\" height=\"1024\" src=\"https:\/\/jump-performance.com\/wp-content\/uploads\/2019\/11\/Rugby_first_homme_MCM_face_jump-827x1024.jpg\" alt=\"maillot sport rugby personnalise jump performance\" class=\"wp-image-755\" srcset=\"https:\/\/jump-performance.com\/wp-content\/uploads\/2019\/11\/Rugby_first_homme_MCM_face_jump-827x1024.jpg 827w, https:\/\/jump-performance.com\/wp-content\/uploads\/2019\/11\/Rugby_first_homme_MCM_face_jump-242x300.jpg 242w, https:\/\/jump-performance.com\/wp-content\/uploads\/2019\/11\/Rugby_first_homme_MCM_face_jump-768x951.jpg 768w, https:\/\/jump-performance.com\/wp-content\/uploads\/2019\/11\/Rugby_first_homme_MCM_face_jump.jpg 1050w\" sizes=\"(max-width: 827px) 100vw, 827px\" \/><\/a><figcaption>Maillot Rugby Starter Homme<\/figcaption><\/figure>\n\n\n\n<p style=\"text-align:center\"><strong><a href=\"https:\/\/jump-performance.com\/?page_id=754\">Maillot Starter Homme MCM<\/a><\/strong><\/p>\n<\/div>\n\n\n\n<div class=\"wp-block-column\">\n<figure class=\"wp-block-image img-grid\"><a href=\"https:\/\/jump-performance.com\/?page_id=760\"><img loading=\"lazy\" width=\"827\" height=\"1024\" src=\"https:\/\/jump-performance.com\/wp-content\/uploads\/2019\/11\/Rugby_first_homme_MCR_face_jump-827x1024.jpg\" alt=\"maillot sport rugby personnalise jump performance\" class=\"wp-image-762\" srcset=\"https:\/\/jump-performance.com\/wp-content\/uploads\/2019\/11\/Rugby_first_homme_MCR_face_jump-827x1024.jpg 827w, https:\/\/jump-performance.com\/wp-content\/uploads\/2019\/11\/Rugby_first_homme_MCR_face_jump-242x300.jpg 242w, https:\/\/jump-performance.com\/wp-content\/uploads\/2019\/11\/Rugby_first_homme_MCR_face_jump-768x951.jpg 768w, https:\/\/jump-performance.com\/wp-content\/uploads\/2019\/11\/Rugby_first_homme_MCR_face_jump.jpg 1050w\" sizes=\"(max-width: 827px) 100vw, 827px\" \/><\/a><figcaption> Maillot Rugby Starter Homme <\/figcaption><\/figure>\n\n\n\n<p style=\"text-align:center\"><strong><a href=\"https:\/\/jump-performance.com\/?page_id=760\">Maillot Starter Homme MCR<\/a><\/strong><\/p>\n<\/div>\n\n\n\n<div class=\"wp-block-column\">\n<figure class=\"wp-block-image img-grid\"><a href=\"https:\/\/jump-performance.com\/?page_id=766\"><img loading=\"lazy\" width=\"827\" height=\"1024\" src=\"https:\/\/jump-performance.com\/wp-content\/uploads\/2019\/11\/Rugby_first_homme_chasuble_face_jump-827x1024.jpg\" alt=\"maillot sport rugby personnalise jump performance\" class=\"wp-image-767\" srcset=\"https:\/\/jump-performance.com\/wp-content\/uploads\/2019\/11\/Rugby_first_homme_chasuble_face_jump-827x1024.jpg 827w, https:\/\/jump-performance.com\/wp-content\/uploads\/2019\/11\/Rugby_first_homme_chasuble_face_jump-242x300.jpg 242w, https:\/\/jump-performance.com\/wp-content\/uploads\/2019\/11\/Rugby_first_homme_chasuble_face_jump-768x951.jpg 768w, https:\/\/jump-performance.com\/wp-content\/uploads\/2019\/11\/Rugby_first_homme_chasuble_face_jump.jpg 1050w\" sizes=\"(max-width: 827px) 100vw, 827px\" \/><\/a><figcaption> Chasuble Rugby Starter Homme<\/figcaption><\/figure>\n\n\n\n<p style=\"text-align:center\"><strong><a href=\"https:\/\/jump-performance.com\/?page_id=766\">Chasuble Starter Homme<\/a><\/strong><\/p>\n<\/div>\n\n\n\n<div class=\"wp-block-column\">\n<figure class=\"wp-block-image img-grid\"><a href=\"https:\/\/jump-performance.com\/?page_id=771\"><img loading=\"lazy\" width=\"827\" height=\"1024\" src=\"https:\/\/jump-performance.com\/wp-content\/uploads\/2019\/11\/Rugby_first_homme_short_face_jump-827x1024.jpg\" alt=\"maillot sport rugby personnalise jump performance\" class=\"wp-image-772\" srcset=\"https:\/\/jump-performance.com\/wp-content\/uploads\/2019\/11\/Rugby_first_homme_short_face_jump-827x1024.jpg 827w, https:\/\/jump-performance.com\/wp-content\/uploads\/2019\/11\/Rugby_first_homme_short_face_jump-242x300.jpg 242w, https:\/\/jump-performance.com\/wp-content\/uploads\/2019\/11\/Rugby_first_homme_short_face_jump-768x951.jpg 768w, https:\/\/jump-performance.com\/wp-content\/uploads\/2019\/11\/Rugby_first_homme_short_face_jump.jpg 1050w\" sizes=\"(max-width: 827px) 100vw, 827px\" \/><\/a><figcaption>Short Rugby Starter Homme<\/figcaption><\/figure>\n\n\n\n<p style=\"text-align:center\"> <strong><a href=\"https:\/\/jump-performance.com\/?page_id=771\">Short Starter Homme<\/a><\/strong> <\/p>\n<\/div>\n<\/div>\n\n\n\n<div class=\"wp-block-kadence-spacer aligncenter kt-block-spacer-_249fd5-b4\"><div class=\"kt-block-spacer kt-block-spacer-halign-center\" style=\"height:60px\"><hr class=\"kt-divider\" style=\"border-top-color:rgba(255, 0, 0, 1);border-top-width:1px;width:80%;border-top-style:solid\"\/><\/div><\/div>\n\n\n\n<p class=\"has-medium-font-size\"><strong>MAILLOTS PERFORMANCE HOMME<\/strong><\/p>\n\n\n\n<div class=\"wp-block-columns has-4-columns\">\n<div class=\"wp-block-column\">\n<figure class=\"wp-block-image img-grid\"><a class=\"\" href=\"https:\/\/jump-performance.com\/?page_id=779\"><img loading=\"lazy\" width=\"827\" height=\"1024\" src=\"https:\/\/jump-performance.com\/wp-content\/uploads\/2019\/11\/Rugby_pro_homme_maillot_stretch_face_jump-827x1024.jpg\" alt=\"maillot sport rugby personnalise jump performance\" class=\"wp-image-780\" srcset=\"https:\/\/jump-performance.com\/wp-content\/uploads\/2019\/11\/Rugby_pro_homme_maillot_stretch_face_jump-827x1024.jpg 827w, https:\/\/jump-performance.com\/wp-content\/uploads\/2019\/11\/Rugby_pro_homme_maillot_stretch_face_jump-242x300.jpg 242w, https:\/\/jump-performance.com\/wp-content\/uploads\/2019\/11\/Rugby_pro_homme_maillot_stretch_face_jump-768x951.jpg 768w, https:\/\/jump-performance.com\/wp-content\/uploads\/2019\/11\/Rugby_pro_homme_maillot_stretch_face_jump.jpg 1050w\" sizes=\"(max-width: 827px) 100vw, 827px\" \/><\/a><figcaption>Maillot Rugby Performance Homme<\/figcaption><\/figure>\n\n\n\n<p style=\"text-align:center\"><strong><a href=\"https:\/\/jump-performance.com\/?page_id=779\">Maillot Performance Homme MCM<\/a><\/strong><\/p>\n<\/div>\n\n\n\n<div class=\"wp-block-column\">\n<figure class=\"wp-block-image img-grid\"><a href=\"https:\/\/jump-performance.com\/?page_id=786\"><img loading=\"lazy\" width=\"827\" height=\"1024\" src=\"https:\/\/jump-performance.com\/wp-content\/uploads\/2019\/11\/Rugby_pro_homme_short_face_jump-827x1024.jpg\" alt=\"short sport rugby personnalise jump performance\" class=\"wp-image-788\" srcset=\"https:\/\/jump-performance.com\/wp-content\/uploads\/2019\/11\/Rugby_pro_homme_short_face_jump-827x1024.jpg 827w, https:\/\/jump-performance.com\/wp-content\/uploads\/2019\/11\/Rugby_pro_homme_short_face_jump-242x300.jpg 242w, https:\/\/jump-performance.com\/wp-content\/uploads\/2019\/11\/Rugby_pro_homme_short_face_jump-768x951.jpg 768w, https:\/\/jump-performance.com\/wp-content\/uploads\/2019\/11\/Rugby_pro_homme_short_face_jump.jpg 1050w\" sizes=\"(max-width: 827px) 100vw, 827px\" \/><\/a><figcaption>Short Rugby Performance Homme<\/figcaption><\/figure>\n\n\n\n<p style=\"text-align:center\"><strong><a href=\"https:\/\/jump-performance.com\/?page_id=786\">Short Performance Homme<\/a><\/strong><\/p>\n<\/div>\n\n\n\n<div class=\"wp-block-column\"><\/div>\n\n\n\n<div class=\"wp-block-column\"><\/div>\n<\/div>\n\n\n\n<div class=\"wp-block-kadence-spacer aligncenter kt-block-spacer-_d454de-25\"><div class=\"kt-block-spacer kt-block-spacer-halign-center\" style=\"height:60px\"><hr class=\"kt-divider\" style=\"border-top-color:rgba(255, 0, 0, 1);border-top-width:1px;width:80%;border-top-style:solid\"\/><\/div><\/div>\n\n\n\n<p class=\"has-medium-font-size\"><strong>MAILLOTS STARTER FEMME<\/strong><\/p>\n\n\n\n<div class=\"wp-block-columns has-4-columns\">\n<div class=\"wp-block-column\">\n<figure class=\"wp-block-image img-grid\"><a class=\"\" href=\"https:\/\/jump-performance.com\/?page_id=793\"><img loading=\"lazy\" width=\"827\" height=\"1024\" src=\"https:\/\/jump-performance.com\/wp-content\/uploads\/2019\/11\/rugby_first_femme_MCM_face_jump-827x1024.jpg\" alt=\"maillot sport rugby personnalise jump performance\" class=\"wp-image-794\" srcset=\"https:\/\/jump-performance.com\/wp-content\/uploads\/2019\/11\/rugby_first_femme_MCM_face_jump-827x1024.jpg 827w, https:\/\/jump-performance.com\/wp-content\/uploads\/2019\/11\/rugby_first_femme_MCM_face_jump-242x300.jpg 242w, https:\/\/jump-performance.com\/wp-content\/uploads\/2019\/11\/rugby_first_femme_MCM_face_jump-768x951.jpg 768w, https:\/\/jump-performance.com\/wp-content\/uploads\/2019\/11\/rugby_first_femme_MCM_face_jump.jpg 1050w\" sizes=\"(max-width: 827px) 100vw, 827px\" \/><\/a><figcaption>Maillot Rugby Starter Femme<\/figcaption><\/figure>\n\n\n\n<p style=\"text-align:center\"><strong><a href=\"https:\/\/jump-performance.com\/?page_id=793\">Maillot Starter Femme MCM<\/a><\/strong><\/p>\n<\/div>\n\n\n\n<div class=\"wp-block-column\">\n<figure class=\"wp-block-image img-grid\"><a href=\"https:\/\/jump-performance.com\/?page_id=798\"><img loading=\"lazy\" width=\"827\" height=\"1024\" src=\"https:\/\/jump-performance.com\/wp-content\/uploads\/2019\/11\/rugby_first_femme_MCR_face_jump-827x1024.jpg\" alt=\"maillot sport rugby personnalise jump performance\" class=\"wp-image-799\" srcset=\"https:\/\/jump-performance.com\/wp-content\/uploads\/2019\/11\/rugby_first_femme_MCR_face_jump-827x1024.jpg 827w, https:\/\/jump-performance.com\/wp-content\/uploads\/2019\/11\/rugby_first_femme_MCR_face_jump-242x300.jpg 242w, https:\/\/jump-performance.com\/wp-content\/uploads\/2019\/11\/rugby_first_femme_MCR_face_jump-768x951.jpg 768w, https:\/\/jump-performance.com\/wp-content\/uploads\/2019\/11\/rugby_first_femme_MCR_face_jump.jpg 1050w\" sizes=\"(max-width: 827px) 100vw, 827px\" \/><\/a><figcaption> Maillot Rugby Starter Femme<\/figcaption><\/figure>\n\n\n\n<p style=\"text-align:center\"><strong><a href=\"https:\/\/jump-performance.com\/?page_id=798\">Maillot Starter Femme MCR<\/a><\/strong><\/p>\n<\/div>\n\n\n\n<div class=\"wp-block-column\">\n<figure class=\"wp-block-image img-grid\"><a href=\"https:\/\/jump-performance.com\/?page_id=803\"><img loading=\"lazy\" width=\"827\" height=\"1024\" src=\"https:\/\/jump-performance.com\/wp-content\/uploads\/2019\/11\/Rugby_first_homme_chasuble_face_jump-827x1024.jpg\" alt=\"maillot sport rugby personnalise jump performance\" class=\"wp-image-767\" srcset=\"https:\/\/jump-performance.com\/wp-content\/uploads\/2019\/11\/Rugby_first_homme_chasuble_face_jump-827x1024.jpg 827w, https:\/\/jump-performance.com\/wp-content\/uploads\/2019\/11\/Rugby_first_homme_chasuble_face_jump-242x300.jpg 242w, https:\/\/jump-performance.com\/wp-content\/uploads\/2019\/11\/Rugby_first_homme_chasuble_face_jump-768x951.jpg 768w, https:\/\/jump-performance.com\/wp-content\/uploads\/2019\/11\/Rugby_first_homme_chasuble_face_jump.jpg 1050w\" sizes=\"(max-width: 827px) 100vw, 827px\" \/><\/a><figcaption>Chasuble Rugby Starter Femme<\/figcaption><\/figure>\n\n\n\n<p style=\"text-align:center\"> <strong><a href=\"https:\/\/jump-performance.com\/?page_id=803\">Chasuble Starter Femme<\/a><\/strong><\/p>\n<\/div>\n\n\n\n<div class=\"wp-block-column\">\n<figure class=\"wp-block-image img-grid\"><a href=\"https:\/\/jump-performance.com\/?page_id=807\"><img loading=\"lazy\" width=\"827\" height=\"1024\" src=\"https:\/\/jump-performance.com\/wp-content\/uploads\/2019\/11\/Rugby_first_homme_short_face_jump-827x1024.jpg\" alt=\"maillot sport rugby personnalise jump performance\" class=\"wp-image-772\" srcset=\"https:\/\/jump-performance.com\/wp-content\/uploads\/2019\/11\/Rugby_first_homme_short_face_jump-827x1024.jpg 827w, https:\/\/jump-performance.com\/wp-content\/uploads\/2019\/11\/Rugby_first_homme_short_face_jump-242x300.jpg 242w, https:\/\/jump-performance.com\/wp-content\/uploads\/2019\/11\/Rugby_first_homme_short_face_jump-768x951.jpg 768w, https:\/\/jump-performance.com\/wp-content\/uploads\/2019\/11\/Rugby_first_homme_short_face_jump.jpg 1050w\" sizes=\"(max-width: 827px) 100vw, 827px\" \/><\/a><figcaption>Short Rugby Starter Femme<\/figcaption><\/figure>\n\n\n\n<p style=\"text-align:center\">  <strong><a href=\"https:\/\/jump-performance.com\/?page_id=807\">Short Starter Femme<\/a><\/strong><\/p>\n<\/div>\n<\/div>\n\n\n\n<div class=\"wp-block-kadence-spacer aligncenter kt-block-spacer-_b2ab9f-ec\"><div class=\"kt-block-spacer kt-block-spacer-halign-center\" style=\"height:60px\"><hr class=\"kt-divider\" style=\"border-top-color:rgba(255, 0, 0, 1);border-top-width:1px;width:80%;border-top-style:solid\"\/><\/div><\/div>\n\n\n\n<p class=\"has-medium-font-size\"><strong>MAILLOTS PERFORMANCE FEMME<\/strong><\/p>\n\n\n\n<div class=\"wp-block-columns has-4-columns\">\n<div class=\"wp-block-column\">\n<figure class=\"wp-block-image img-grid\"><a class=\"\" href=\"https:\/\/jump-performance.com\/?page_id=811\"><img loading=\"lazy\" width=\"827\" height=\"1024\" src=\"https:\/\/jump-performance.com\/wp-content\/uploads\/2019\/11\/Rugby_pro_femme_face_jump-827x1024.jpg\" alt=\"maillot sport rugby personnalise jump performance\" class=\"wp-image-812\" srcset=\"https:\/\/jump-performance.com\/wp-content\/uploads\/2019\/11\/Rugby_pro_femme_face_jump-827x1024.jpg 827w, https:\/\/jump-performance.com\/wp-content\/uploads\/2019\/11\/Rugby_pro_femme_face_jump-242x300.jpg 242w, https:\/\/jump-performance.com\/wp-content\/uploads\/2019\/11\/Rugby_pro_femme_face_jump-768x951.jpg 768w, https:\/\/jump-performance.com\/wp-content\/uploads\/2019\/11\/Rugby_pro_femme_face_jump.jpg 1050w\" sizes=\"(max-width: 827px) 100vw, 827px\" \/><\/a><figcaption>Maillot Rugby Performance Femme<\/figcaption><\/figure>\n\n\n\n<p style=\"text-align:center\"><strong><a href=\"https:\/\/jump-performance.com\/?page_id=811\">Maillot Performance Femme MCM<\/a><\/strong><\/p>\n<\/div>\n\n\n\n<div class=\"wp-block-column\">\n<figure class=\"wp-block-image img-grid\"><a href=\"https:\/\/jump-performance.com\/?page_id=817\"><img loading=\"lazy\" width=\"827\" height=\"1024\" src=\"https:\/\/jump-performance.com\/wp-content\/uploads\/2019\/11\/Rugby_pro_femme_short_face_jump-827x1024.jpg\" alt=\"maillot sport rugby personnalise jump performance\" class=\"wp-image-818\" srcset=\"https:\/\/jump-performance.com\/wp-content\/uploads\/2019\/11\/Rugby_pro_femme_short_face_jump-827x1024.jpg 827w, https:\/\/jump-performance.com\/wp-content\/uploads\/2019\/11\/Rugby_pro_femme_short_face_jump-242x300.jpg 242w, https:\/\/jump-performance.com\/wp-content\/uploads\/2019\/11\/Rugby_pro_femme_short_face_jump-768x951.jpg 768w, https:\/\/jump-performance.com\/wp-content\/uploads\/2019\/11\/Rugby_pro_femme_short_face_jump.jpg 1050w\" sizes=\"(max-width: 827px) 100vw, 827px\" \/><\/a><figcaption>Short Rugby Performance Femme<\/figcaption><\/figure>\n\n\n\n<p style=\"text-align:center\"> <strong><a href=\"https:\/\/jump-performance.com\/?page_id=817\">Short Performance Femme<\/a><\/strong><\/p>\n<\/div>\n\n\n\n<div class=\"wp-block-column\"><\/div>\n\n\n\n<div class=\"wp-block-column\"><\/div>\n<\/div>\n\n\n\n<p><\/p>\n","protected":false},"excerpt":{"rendered":"<p>D\u00e9couvrez nos collections de maillots et short de rugby sublim\u00e9s, \u00e0 travers nos 2 gammes STARTER et PERFORMANCE adapt\u00e9es \u00e0 vos besoins. MAILLOTS STARTER HOMME Maillot Starter Homme MCM Maillot Starter Homme MCR Chasuble Starter Homme Short Starter Homme MAILLOTS &hellip; <a href=\"https:\/\/jump-performance.com\/?page_id=750\">Lire la suite\u00ad\u00ad<\/a><\/p>\n","protected":false},"author":1,"featured_media":0,"parent":0,"menu_order":0,"comment_status":"closed","ping_status":"closed","template":"","meta":{"advgb_blocks_editor_width":"","advgb_blocks_columns_visual_guide":"","kt_blocks_editor_width":""},"categories":[45],"tags":[],"coauthors":[],"author_meta":{"author_link":"https:\/\/jump-performance.com\/?author=1","display_name":"adminFDjump"},"relative_dates":{"created":"Posted 6 ans ago","modified":"Updated 6 ans ago"},"absolute_dates":{"created":"Posted on 13 novembre 2019","modified":"Updated on 13 novembre 2019"},"absolute_dates_time":{"created":"Posted on 13 novembre 2019 12 h 23 min","modified":"Updated on 13 novembre 2019 14 h 22 min"},"featured_img_caption":"","uagb_featured_image_src":{"full":false,"thumbnail":false,"medium":false,"medium_large":false,"large":false,"1536x1536":false,"2048x2048":false,"widget-thumb":false},"uagb_author_info":{"display_name":"adminFDjump","author_link":"https:\/\/jump-performance.com\/?author=1"},"uagb_comment_info":0,"uagb_excerpt":"D\u00e9couvrez nos collections de maillots et short de rugby sublim\u00e9s, \u00e0 travers nos 2 gammes STARTER et PERFORMANCE adapt\u00e9es \u00e0 vos besoins. MAILLOTS STARTER HOMME Maillot Starter Homme MCM Maillot Starter Homme MCR Chasuble Starter Homme Short Starter Homme MAILLOTS &hellip; Lire la suite\u00ad\u00ad","_links":{"self":[{"href":"https:\/\/jump-performance.com\/index.php?rest_route=\/wp\/v2\/pages\/750"}],"collection":[{"href":"https:\/\/jump-performance.com\/index.php?rest_route=\/wp\/v2\/pages"}],"about":[{"href":"https:\/\/jump-performance.com\/index.php?rest_route=\/wp\/v2\/types\/page"}],"author":[{"embeddable":true,"href":"https:\/\/jump-performance.com\/index.php?rest_route=\/wp\/v2\/users\/1"}],"replies":[{"embeddable":true,"href":"https:\/\/jump-performance.com\/index.php?rest_route=%2Fwp%2Fv2%2Fcomments&post=750"}],"version-history":[{"count":16,"href":"https:\/\/jump-performance.com\/index.php?rest_route=\/wp\/v2\/pages\/750\/revisions"}],"predecessor-version":[{"id":822,"href":"https:\/\/jump-performance.com\/index.php?rest_route=\/wp\/v2\/pages\/750\/revisions\/822"}],"wp:attachment":[{"href":"https:\/\/jump-performance.com\/index.php?rest_route=%2Fwp%2Fv2%2Fmedia&parent=750"}],"wp:term":[{"taxonomy":"category","embeddable":true,"href":"https:\/\/jump-performance.com\/index.php?rest_route=%2Fwp%2Fv2%2Fcategories&post=750"},{"taxonomy":"post_tag","embeddable":true,"href":"https:\/\/jump-performance.com\/index.php?rest_route=%2Fwp%2Fv2%2Ftags&post=750"}],"curies":[{"name":"wp","href":"https:\/\/api.w.org\/{rel}","templated":true}]}}